{"id":751,"date":"2024-10-07T18:01:59","date_gmt":"2024-10-07T18:01:59","guid":{"rendered":"https:\/\/mistyrose-quail-135088.hostingersite.com\/?page_id=751"},"modified":"2024-11-27T23:24:54","modified_gmt":"2024-11-27T23:24:54","slug":"projet-eyes-on-progress","status":"publish","type":"page","link":"https:\/\/myriemgriche.fr\/en\/project-eyes-on-progress\/","title":{"rendered":"project eyes on progress"},"content":{"rendered":"<p>[et_pb_section fb_built=&#8221;1&#8243; admin_label=&#8221;Header&#8221; _builder_version=&#8221;4.27.2&#8243; _module_preset=&#8221;default&#8221; background_color=&#8221;#000000&#8243; background_image=&#8221;https:\/\/mistyrose-quail-135088.hostingersite.com\/wp-content\/uploads\/2024\/11\/online-banking-2.png&#8221; custom_margin=&#8221;3vw|3vw|3vw|3vw|true|true&#8221; custom_padding=&#8221;||10vw||false|false&#8221; background_last_edited=&#8221;on|tablet&#8221; background_mask_aspect_ratio_tablet=&#8221;portrait&#8221; border_radii=&#8221;on|1.5vw|1.5vw|1.5vw|1.5vw&#8221; locked=&#8221;off&#8221; collapsed=&#8221;on&#8221; global_colors_info=&#8221;{%22gcid-095f3017-670a-4d45-bbf8-520034f23a92%22:%91%22background_color_gradient_stops%22%93}&#8221;][et_pb_row _builder_version=&#8221;4.21.0&#8243; _module_preset=&#8221;default&#8221; width=&#8221;90%&#8221; max_width=&#8221;800px&#8221; locked=&#8221;off&#8221; global_colors_info=&#8221;{}&#8221;][et_pb_column type=&#8221;4_4&#8243; _builder_version=&#8221;4.21.0&#8243; _module_preset=&#8221;default&#8221; global_colors_info=&#8221;{}&#8221;][et_pb_text _builder_version=&#8221;4.27.2&#8243; _module_preset=&#8221;12ec52e2-d123-4f5e-94c6-d66485ae403f&#8221; header_4_font=&#8221;DM Sans|700||on|||||&#8221; header_4_text_color=&#8221;gcid-095f3017-670a-4d45-bbf8-520034f23a92&#8243; header_4_letter_spacing=&#8221;0.7em&#8221; content_en_us=&#8221;<\/p>\n<h4 style=%22text-align: center;%22>Sports Performance Analysis Agency<\/h4>\n<p>&#8221; global_colors_info=&#8221;{%22gcid-095f3017-670a-4d45-bbf8-520034f23a92%22:%91%22header_4_text_color%22%93}&#8221;]<\/p>\n<h4 style=\"text-align: center;\">Agence Analyse Sportive<\/h4>\n<p>[\/et_pb_text][et_pb_text _builder_version=&#8221;4.27.2&#8243; _module_preset=&#8221;d88ec138-60ce-470d-b388-c5a63cf459ab&#8221; header_font=&#8221;&#8211;et_global_heading_font|700|||||||&#8221; header_text_color=&#8221;#FFFFFF&#8221; text_orientation=&#8221;center&#8221; custom_margin=&#8221;||10px||false|false&#8221; global_colors_info=&#8221;{}&#8221;]<\/p>\n<h1>Eyes on Progress<\/h1>\n<p>[\/et_pb_text][et_pb_text _builder_version=&#8221;4.27.2&#8243; _module_preset=&#8221;6dd72c8b-96ff-4927-aeb5-008ec3f0ea64&#8243; text_text_color=&#8221;#FFFFFF&#8221; text_orientation=&#8221;center&#8221; content_en_us=&#8221;<\/p>\n<p style=%22text-align: center;%22>This project has been an enriching experience that has enabled me to combine skills in e-commerce web development with an understanding of the specific needs of the sports sector.<\/p>\n<p>&#8221; global_colors_info=&#8221;{}&#8221;]<\/p>\n<p>Ce projet a \u00e9t\u00e9 une exp\u00e9rience enrichissante qui m\u2019a permis de combiner des comp\u00e9tences en d\u00e9veloppement web e-commerce avec une compr\u00e9hension des besoins sp\u00e9cifiques du secteur sportif.<\/p>\n<p>[\/et_pb_text][\/et_pb_column][\/et_pb_row][\/et_pb_section][et_pb_section fb_built=&#8221;1&#8243; admin_label=&#8221;Project&#8221; _builder_version=&#8221;4.21.0&#8243; _module_preset=&#8221;default&#8221; collapsed=&#8221;on&#8221; global_colors_info=&#8221;{}&#8221;][et_pb_row _builder_version=&#8221;4.21.0&#8243; _module_preset=&#8221;default&#8221; global_colors_info=&#8221;{}&#8221;][et_pb_column type=&#8221;4_4&#8243; _builder_version=&#8221;4.21.0&#8243; _module_preset=&#8221;default&#8221; global_colors_info=&#8221;{}&#8221;][et_pb_image src=&#8221;https:\/\/mistyrose-quail-135088.hostingersite.com\/wp-content\/uploads\/2024\/11\/projet-ordi.png&#8221; title_text=&#8221;projet ordi&#8221; _builder_version=&#8221;4.27.2&#8243; _module_preset=&#8221;default&#8221; hover_enabled=&#8221;0&#8243; border_radii=&#8221;on|10px|10px|10px|10px&#8221; global_colors_info=&#8221;{}&#8221; sticky_enabled=&#8221;0&#8243;][\/et_pb_image][\/et_pb_column][\/et_pb_row][et_pb_row column_structure=&#8221;2_5,3_5&#8243; _builder_version=&#8221;4.21.0&#8243; _module_preset=&#8221;default&#8221; global_colors_info=&#8221;{}&#8221;][et_pb_column type=&#8221;2_5&#8243; _builder_version=&#8221;4.21.0&#8243; _module_preset=&#8221;default&#8221; global_colors_info=&#8221;{}&#8221;][et_pb_text _builder_version=&#8221;4.27.2&#8243; _module_preset=&#8221;bfdde3e7-200a-498b-8322-85d614ae5fff&#8221; header_2_font=&#8221;DM Sans|700|||||||&#8221; custom_margin=&#8221;||10px||false|false&#8221; content_en_us=&#8221;<\/p>\n<h2 style=%22text-align: left;%22>My contributions<\/h2>\n<p>&#8221; global_colors_info=&#8221;{}&#8221;]<\/p>\n<h2>Mes contributions<\/h2>\n<p>[\/et_pb_text][\/et_pb_column][et_pb_column type=&#8221;3_5&#8243; _builder_version=&#8221;4.21.0&#8243; _module_preset=&#8221;default&#8221; global_colors_info=&#8221;{}&#8221;][et_pb_text _builder_version=&#8221;4.27.2&#8243; _module_preset=&#8221;6dd72c8b-96ff-4927-aeb5-008ec3f0ea64&#8243; content_en_us=&#8221;<\/p>\n<p><strong>Eyes on Progress<\/strong> is a company specializing in video analysis of soccer performances, aimed at clubs, coaches and players wishing to improve their game. The need was to create an online platform enabling users to purchase match analysis packages directly from the site, with offers tailored to different levels of expertise.<\/p>\n<p>&#8221; global_colors_info=&#8221;{}&#8221;]<\/p>\n<p><strong>Eyes on Progress<\/strong> est une entreprise sp\u00e9cialis\u00e9e dans l&#8217;analyse vid\u00e9o des performances footballistiques, destin\u00e9e aux clubs, entra\u00eeneurs et joueurs souhaitant am\u00e9liorer leur jeu. Le besoin \u00e9tait de cr\u00e9er une plateforme en ligne permettant aux utilisateurs d\u2019acheter des packages d\u2019analyse de matchs directement depuis le site, avec des offres adapt\u00e9es \u00e0 diff\u00e9rents niveaux d\u2019expertise.<\/p>\n<p>[\/et_pb_text][\/et_pb_column][\/et_pb_row][et_pb_row _builder_version=&#8221;4.21.0&#8243; _module_preset=&#8221;default&#8221; global_colors_info=&#8221;{}&#8221;][et_pb_column type=&#8221;4_4&#8243; _builder_version=&#8221;4.21.0&#8243; _module_preset=&#8221;default&#8221; global_colors_info=&#8221;{}&#8221;][et_pb_text _builder_version=&#8221;4.27.2&#8243; _module_preset=&#8221;bfdde3e7-200a-498b-8322-85d614ae5fff&#8221; header_2_font=&#8221;DM Sans|700|||||||&#8221; custom_margin=&#8221;||10px||false|false&#8221; content_en_us=&#8221;<\/p>\n<h2 style=%22text-align: right;%22>A successful implementation<\/h2>\n<p>&#8221; global_colors_info=&#8221;{}&#8221;]<\/p>\n<h2 style=\"text-align: right;\">Un exemple concret<\/h2>\n<p>[\/et_pb_text][et_pb_text _builder_version=&#8221;4.27.2&#8243; _module_preset=&#8221;6dd72c8b-96ff-4927-aeb5-008ec3f0ea64&#8243; content_en_us=&#8221;<\/p>\n<p>These 3 former soccer players were used to taking and managing orders from their Instagram page.<\/p>\n<p>However, in a bid to gain legitimacy and professionalism, they wanted to develop a platform on which their customers could choose their pack, add their video as an attachment, and proceed directly to payment.<\/p>\n<p>Following the launch of the platform, <strong>Eyes on Progress<\/strong> recorded a 20% increase in sales, thanks to a simpler, automated ordering system. Organic traffic to the site also increased by 30%, thanks to SEO optimizations. Users appreciated the simplicity of the purchasing process and the ability to track their orders and access analysis reports directly from their personal account.<\/p>\n<p>&#8221; global_colors_info=&#8221;{}&#8221;]<\/p>\n<p>Ces 3 anciens footballeurs avaient l&#8217;habitude de prendre et g\u00e9rer les commandes depuis leur page Instagram.<\/p>\n<p>Cependant, dans une envie de gagner en l\u00e9gitimit\u00e9 et professionnalisme, ils souhaitaient d\u00e9velopper une plateforme sur laquelle leur client\u00e8le pouvait choisir leur pack, ajouter leur vid\u00e9o en pi\u00e8ce jointe, et proc\u00e9der directement au r\u00e8glement.<\/p>\n<p>Suite au lancement de la plateforme, <strong>Eyes on Progress<\/strong> a enregistr\u00e9 une augmentationde des ventes de 20% , gr\u00e2ce \u00e0 un syst\u00e8me de commande plus simple et automatis\u00e9.\u00a0Le trafic organique sur le site a \u00e9galement augment\u00e9 de <strong>30%<\/strong>, gr\u00e2ce aux optimisations SEO. Les utilisateurs ont appr\u00e9ci\u00e9 la simplicit\u00e9 du processus d\u2019achat et la possibilit\u00e9 de suivre leurs commandes et d\u2019acc\u00e9der aux rapports d\u2019analyse directement depuis leur espace personnel.<\/p>\n<p>[\/et_pb_text][\/et_pb_column][\/et_pb_row][\/et_pb_section]<\/p>\n","protected":false},"excerpt":{"rendered":"<p>Agence Analyse SportiveEyes on ProgressCe projet a \u00e9t\u00e9 une exp\u00e9rience enrichissante qui m\u2019a permis de combiner des comp\u00e9tences en d\u00e9veloppement web e-commerce avec une compr\u00e9hension des besoins sp\u00e9cifiques du secteur sportif.Mes contributionsEyes on Progress est une entreprise sp\u00e9cialis\u00e9e dans l&#8217;analyse vid\u00e9o des performances footballistiques, destin\u00e9e aux clubs, entra\u00eeneurs et joueurs souhaitant am\u00e9liorer leur jeu. Le [&hellip;]<\/p>\n","protected":false},"author":1,"featured_media":0,"parent":0,"menu_order":0,"comment_status":"closed","ping_status":"closed","template":"","meta":{"_et_pb_use_builder":"on","_et_pb_old_content":"","_et_gb_content_width":"","footnotes":""},"class_list":["post-751","page","type-page","status-publish","hentry"],"yoast_head":"<!-- This site is optimized with the Yoast SEO plugin v27.4 - https:\/\/yoast.com\/product\/yoast-seo-wordpress\/ -->\n<title>project eyes on progress<\/title>\n<meta name=\"robots\" content=\"index, follow, max-snippet:-1, max-image-preview:large, max-video-preview:-1\" \/>\n<meta property=\"og:locale\" content=\"en_US\" \/>\n<meta property=\"og:type\" content=\"article\" \/>\n<meta property=\"og:title\" content=\"project eyes on progress\" \/>\n<meta property=\"og:url\" content=\"https:\/\/myriemgriche.fr\/en\/project-eyes-on-progress\/\" \/>\n<meta property=\"og:site_name\" content=\"Consultante digitale\" \/>\n<meta property=\"article:modified_time\" content=\"2024-11-27T23:24:54+00:00\" \/>\n<meta property=\"og:image\" content=\"https:\/\/myriemgriche.fr\/wp-content\/uploads\/2024\/11\/302_1x_shots_so.png\" \/>\n\t<meta property=\"og:image:width\" content=\"1080\" \/>\n\t<meta property=\"og:image:height\" content=\"1080\" \/>\n\t<meta property=\"og:image:type\" content=\"image\/png\" \/>\n<meta name=\"twitter:card\" content=\"summary_large_image\" \/>\n<script type=\"application\/ld+json\" class=\"yoast-schema-graph\">{\"@context\":\"https:\\\/\\\/schema.org\",\"@graph\":[{\"@type\":\"WebPage\",\"@id\":\"https:\\\/\\\/myriemgriche.fr\\\/en\\\/project-eyes-on-progress\\\/\",\"url\":\"https:\\\/\\\/myriemgriche.fr\\\/en\\\/project-eyes-on-progress\\\/\",\"name\":\"projet eyes on progress - Consultante digitale\",\"isPartOf\":{\"@id\":\"https:\\\/\\\/mistyrose-quail-135088.hostingersite.com\\\/#website\"},\"datePublished\":\"2024-10-07T18:01:59+00:00\",\"dateModified\":\"2024-11-27T23:24:54+00:00\",\"breadcrumb\":{\"@id\":\"https:\\\/\\\/myriemgriche.fr\\\/en\\\/project-eyes-on-progress\\\/#breadcrumb\"},\"inLanguage\":\"en-US\",\"potentialAction\":[{\"@type\":\"ReadAction\",\"target\":[\"https:\\\/\\\/myriemgriche.fr\\\/en\\\/project-eyes-on-progress\\\/\"]}]},{\"@type\":\"BreadcrumbList\",\"@id\":\"https:\\\/\\\/myriemgriche.fr\\\/en\\\/project-eyes-on-progress\\\/#breadcrumb\",\"itemListElement\":[{\"@type\":\"ListItem\",\"position\":1,\"name\":\"Consultante en transformation digitale\",\"item\":\"https:\\\/\\\/myriemgriche.fr\\\/\"},{\"@type\":\"ListItem\",\"position\":2,\"name\":\"project eyes on progress\"}]},{\"@type\":\"WebSite\",\"@id\":\"https:\\\/\\\/mistyrose-quail-135088.hostingersite.com\\\/#website\",\"url\":\"https:\\\/\\\/mistyrose-quail-135088.hostingersite.com\\\/\",\"name\":\"Consultante Digitale Myriem GRICHE\",\"description\":\"Cr\u00e9ation de site web - SEO - Publicit\u00e9 en ligne - SMM\",\"publisher\":{\"@id\":\"https:\\\/\\\/mistyrose-quail-135088.hostingersite.com\\\/#\\\/schema\\\/person\\\/74fc464a9370e5b0a3def543816b87c9\"},\"alternateName\":\"Myriem GRICHE\",\"potentialAction\":[{\"@type\":\"SearchAction\",\"target\":{\"@type\":\"EntryPoint\",\"urlTemplate\":\"https:\\\/\\\/mistyrose-quail-135088.hostingersite.com\\\/?s={search_term_string}\"},\"query-input\":{\"@type\":\"PropertyValueSpecification\",\"valueRequired\":true,\"valueName\":\"search_term_string\"}}],\"inLanguage\":\"en-US\"},{\"@type\":[\"Person\",\"Organization\"],\"@id\":\"https:\\\/\\\/mistyrose-quail-135088.hostingersite.com\\\/#\\\/schema\\\/person\\\/74fc464a9370e5b0a3def543816b87c9\",\"name\":\"mymy\",\"image\":{\"@type\":\"ImageObject\",\"inLanguage\":\"en-US\",\"@id\":\"https:\\\/\\\/mistyrose-quail-135088.hostingersite.com\\\/wp-content\\\/uploads\\\/2024\\\/11\\\/Design-sans-titre-2.png\",\"url\":\"https:\\\/\\\/mistyrose-quail-135088.hostingersite.com\\\/wp-content\\\/uploads\\\/2024\\\/11\\\/Design-sans-titre-2.png\",\"contentUrl\":\"https:\\\/\\\/mistyrose-quail-135088.hostingersite.com\\\/wp-content\\\/uploads\\\/2024\\\/11\\\/Design-sans-titre-2.png\",\"width\":500,\"height\":600,\"caption\":\"mymy\"},\"logo\":{\"@id\":\"https:\\\/\\\/mistyrose-quail-135088.hostingersite.com\\\/wp-content\\\/uploads\\\/2024\\\/11\\\/Design-sans-titre-2.png\"},\"sameAs\":[\"https:\\\/\\\/mistyrose-quail-135088.hostingersite.com\"]}]}<\/script>\n<!-- \/ Yoast SEO plugin. -->","yoast_head_json":{"title":"project eyes on progress","robots":{"index":"index","follow":"follow","max-snippet":"max-snippet:-1","max-image-preview":"max-image-preview:large","max-video-preview":"max-video-preview:-1"},"og_locale":"en_US","og_type":"article","og_title":"project eyes on progress","og_url":"https:\/\/myriemgriche.fr\/en\/project-eyes-on-progress\/","og_site_name":"Consultante digitale","article_modified_time":"2024-11-27T23:24:54+00:00","og_image":[{"width":1080,"height":1080,"url":"https:\/\/myriemgriche.fr\/wp-content\/uploads\/2024\/11\/302_1x_shots_so.png","type":"image\/png"}],"twitter_card":"summary_large_image","schema":{"@context":"https:\/\/schema.org","@graph":[{"@type":"WebPage","@id":"https:\/\/myriemgriche.fr\/en\/project-eyes-on-progress\/","url":"https:\/\/myriemgriche.fr\/en\/project-eyes-on-progress\/","name":"projet eyes on progress - Consultante digitale","isPartOf":{"@id":"https:\/\/mistyrose-quail-135088.hostingersite.com\/#website"},"datePublished":"2024-10-07T18:01:59+00:00","dateModified":"2024-11-27T23:24:54+00:00","breadcrumb":{"@id":"https:\/\/myriemgriche.fr\/en\/project-eyes-on-progress\/#breadcrumb"},"inLanguage":"en-US","potentialAction":[{"@type":"ReadAction","target":["https:\/\/myriemgriche.fr\/en\/project-eyes-on-progress\/"]}]},{"@type":"BreadcrumbList","@id":"https:\/\/myriemgriche.fr\/en\/project-eyes-on-progress\/#breadcrumb","itemListElement":[{"@type":"ListItem","position":1,"name":"Consultante en transformation digitale","item":"https:\/\/myriemgriche.fr\/"},{"@type":"ListItem","position":2,"name":"project eyes on progress"}]},{"@type":"WebSite","@id":"https:\/\/mistyrose-quail-135088.hostingersite.com\/#website","url":"https:\/\/mistyrose-quail-135088.hostingersite.com\/","name":"Consultante Digitale Myriem GRICHE","description":"Cr\u00e9ation de site web - SEO - Publicit\u00e9 en ligne - SMM","publisher":{"@id":"https:\/\/mistyrose-quail-135088.hostingersite.com\/#\/schema\/person\/74fc464a9370e5b0a3def543816b87c9"},"alternateName":"Myriem GRICHE","potentialAction":[{"@type":"SearchAction","target":{"@type":"EntryPoint","urlTemplate":"https:\/\/mistyrose-quail-135088.hostingersite.com\/?s={search_term_string}"},"query-input":{"@type":"PropertyValueSpecification","valueRequired":true,"valueName":"search_term_string"}}],"inLanguage":"en-US"},{"@type":["Person","Organization"],"@id":"https:\/\/mistyrose-quail-135088.hostingersite.com\/#\/schema\/person\/74fc464a9370e5b0a3def543816b87c9","name":"mymy","image":{"@type":"ImageObject","inLanguage":"en-US","@id":"https:\/\/mistyrose-quail-135088.hostingersite.com\/wp-content\/uploads\/2024\/11\/Design-sans-titre-2.png","url":"https:\/\/mistyrose-quail-135088.hostingersite.com\/wp-content\/uploads\/2024\/11\/Design-sans-titre-2.png","contentUrl":"https:\/\/mistyrose-quail-135088.hostingersite.com\/wp-content\/uploads\/2024\/11\/Design-sans-titre-2.png","width":500,"height":600,"caption":"mymy"},"logo":{"@id":"https:\/\/mistyrose-quail-135088.hostingersite.com\/wp-content\/uploads\/2024\/11\/Design-sans-titre-2.png"},"sameAs":["https:\/\/mistyrose-quail-135088.hostingersite.com"]}]}},"_links":{"self":[{"href":"https:\/\/myriemgriche.fr\/en\/wp-json\/wp\/v2\/pages\/751","targetHints":{"allow":["GET"]}}],"collection":[{"href":"https:\/\/myriemgriche.fr\/en\/wp-json\/wp\/v2\/pages"}],"about":[{"href":"https:\/\/myriemgriche.fr\/en\/wp-json\/wp\/v2\/types\/page"}],"author":[{"embeddable":true,"href":"https:\/\/myriemgriche.fr\/en\/wp-json\/wp\/v2\/users\/1"}],"replies":[{"embeddable":true,"href":"https:\/\/myriemgriche.fr\/en\/wp-json\/wp\/v2\/comments?post=751"}],"version-history":[{"count":6,"href":"https:\/\/myriemgriche.fr\/en\/wp-json\/wp\/v2\/pages\/751\/revisions"}],"predecessor-version":[{"id":233937,"href":"https:\/\/myriemgriche.fr\/en\/wp-json\/wp\/v2\/pages\/751\/revisions\/233937"}],"wp:attachment":[{"href":"https:\/\/myriemgriche.fr\/en\/wp-json\/wp\/v2\/media?parent=751"}],"curies":[{"name":"wp","href":"https:\/\/api.w.org\/{rel}","templated":true}]}}