{"id":736,"date":"2024-10-07T17:41:22","date_gmt":"2024-10-07T17:41:22","guid":{"rendered":"https:\/\/mistyrose-quail-135088.hostingersite.com\/?page_id=736"},"modified":"2024-11-27T23:24:35","modified_gmt":"2024-11-27T23:24:35","slug":"projet-carseil","status":"publish","type":"page","link":"https:\/\/myriemgriche.fr\/en\/project-carseil\/","title":{"rendered":"project carseil"},"content":{"rendered":"<p>[et_pb_section fb_built=&#8221;1&#8243; admin_label=&#8221;Header&#8221; _builder_version=&#8221;4.27.2&#8243; _module_preset=&#8221;default&#8221; background_color=&#8221;#000000&#8243; background_image=&#8221;https:\/\/mistyrose-quail-135088.hostingersite.com\/wp-content\/uploads\/2024\/11\/online-banking-2.png&#8221; custom_margin=&#8221;3vw|3vw|3vw|3vw|true|true&#8221; custom_padding=&#8221;||10vw||false|false&#8221; background_last_edited=&#8221;on|tablet&#8221; background_mask_aspect_ratio_tablet=&#8221;portrait&#8221; border_radii=&#8221;on|1.5vw|1.5vw|1.5vw|1.5vw&#8221; locked=&#8221;off&#8221; collapsed=&#8221;on&#8221; global_colors_info=&#8221;{%22gcid-095f3017-670a-4d45-bbf8-520034f23a92%22:%91%22background_color_gradient_stops%22%93}&#8221;][et_pb_row _builder_version=&#8221;4.21.0&#8243; _module_preset=&#8221;default&#8221; width=&#8221;90%&#8221; max_width=&#8221;800px&#8221; locked=&#8221;off&#8221; global_colors_info=&#8221;{}&#8221;][et_pb_column type=&#8221;4_4&#8243; _builder_version=&#8221;4.21.0&#8243; _module_preset=&#8221;default&#8221; global_colors_info=&#8221;{}&#8221;][et_pb_text _builder_version=&#8221;4.27.2&#8243; _module_preset=&#8221;12ec52e2-d123-4f5e-94c6-d66485ae403f&#8221; header_4_font=&#8221;DM Sans|700||on|||||&#8221; header_4_text_color=&#8221;gcid-095f3017-670a-4d45-bbf8-520034f23a92&#8243; header_4_letter_spacing=&#8221;0.7em&#8221; content_en_us=&#8221;<\/p>\n<h4 style=%22text-align: center;%22>Sports Performance Analysis Agency<\/h4>\n<p>&#8221; global_colors_info=&#8221;{%22gcid-095f3017-670a-4d45-bbf8-520034f23a92%22:%91%22header_4_text_color%22%93}&#8221;]<\/p>\n<h4 style=\"text-align: center;\">Location de v\u00e9hicule<\/h4>\n<p>[\/et_pb_text][et_pb_text _builder_version=&#8221;4.27.2&#8243; _module_preset=&#8221;d88ec138-60ce-470d-b388-c5a63cf459ab&#8221; header_font=&#8221;&#8211;et_global_heading_font|700|||||||&#8221; header_text_color=&#8221;#FFFFFF&#8221; text_orientation=&#8221;center&#8221; custom_margin=&#8221;||10px||false|false&#8221; global_colors_info=&#8221;{}&#8221;]<\/p>\n<h1>Carseil<\/h1>\n<p>[\/et_pb_text][et_pb_text _builder_version=&#8221;4.27.2&#8243; _module_preset=&#8221;6dd72c8b-96ff-4927-aeb5-008ec3f0ea64&#8243; text_text_color=&#8221;#FFFFFF&#8221; text_orientation=&#8221;center&#8221; content_en_us=&#8221;<\/p>\n<p style=%22text-align: center;%22>This project has been an enriching experience that has enabled me to combine skills in e-commerce web development with an understanding of the specific needs of the sports sector.<\/p>\n<p>&#8221; global_colors_info=&#8221;{}&#8221;]<\/p>\n<p>Ce projet m&#8217;a permis de superviser l&#8217;ensemble du processus de cr\u00e9ation de la plateforme, en m&#8217;assurant que chaque \u00e9tape \u2014 du d\u00e9veloppement au d\u00e9ploiement \u2014 \u00e9tait r\u00e9alis\u00e9e efficacement et en respectant les objectifs de l\u2019entreprise.<\/p>\n<p>[\/et_pb_text][\/et_pb_column][\/et_pb_row][\/et_pb_section][et_pb_section fb_built=&#8221;1&#8243; admin_label=&#8221;Project&#8221; _builder_version=&#8221;4.21.0&#8243; _module_preset=&#8221;default&#8221; collapsed=&#8221;on&#8221; global_colors_info=&#8221;{}&#8221;][et_pb_row _builder_version=&#8221;4.21.0&#8243; _module_preset=&#8221;default&#8221; global_colors_info=&#8221;{}&#8221;][et_pb_column type=&#8221;4_4&#8243; _builder_version=&#8221;4.21.0&#8243; _module_preset=&#8221;default&#8221; global_colors_info=&#8221;{}&#8221;][et_pb_image src=&#8221;https:\/\/mistyrose-quail-135088.hostingersite.com\/wp-content\/uploads\/2024\/11\/7.png&#8221; title_text=&#8221;7&#8243; _builder_version=&#8221;4.27.2&#8243; _module_preset=&#8221;default&#8221; hover_enabled=&#8221;0&#8243; border_radii=&#8221;on|10px|10px|10px|10px&#8221; global_colors_info=&#8221;{}&#8221; sticky_enabled=&#8221;0&#8243;][\/et_pb_image][\/et_pb_column][\/et_pb_row][et_pb_row column_structure=&#8221;2_5,3_5&#8243; _builder_version=&#8221;4.21.0&#8243; _module_preset=&#8221;default&#8221; global_colors_info=&#8221;{}&#8221;][et_pb_column type=&#8221;2_5&#8243; _builder_version=&#8221;4.21.0&#8243; _module_preset=&#8221;default&#8221; global_colors_info=&#8221;{}&#8221;][et_pb_text _builder_version=&#8221;4.27.2&#8243; _module_preset=&#8221;bfdde3e7-200a-498b-8322-85d614ae5fff&#8221; header_2_font=&#8221;DM Sans|700|||||||&#8221; custom_margin=&#8221;||10px||false|false&#8221; content_en_us=&#8221;<\/p>\n<h2>My contributions<\/h2>\n<p>&#8221; global_colors_info=&#8221;{}&#8221;]<\/p>\n<h2>Mes contributions<\/h2>\n<p>[\/et_pb_text][\/et_pb_column][et_pb_column type=&#8221;3_5&#8243; _builder_version=&#8221;4.21.0&#8243; _module_preset=&#8221;default&#8221; global_colors_info=&#8221;{}&#8221;][et_pb_text _builder_version=&#8221;4.27.2&#8243; _module_preset=&#8221;6dd72c8b-96ff-4927-aeb5-008ec3f0ea64&#8243; content_en_us=&#8221;<\/p>\n<p><strong>Carseil<\/strong> is a car rental startup that wanted to break away from third-party platforms such as Getaround and manage its reservations and customers directly. The project consisted in developing a tailor-made car rental platform, offering Carseil greater autonomy, better management of its vehicles and a simplified user experience.<\/p>\n<p>&#8221; global_colors_info=&#8221;{}&#8221;]<\/p>\n<p><strong>Carseil<\/strong> est une startup de location de voitures qui souhaitait s\u2019\u00e9manciper des plateformes tierces comme Getaround pour g\u00e9rer directement ses r\u00e9servations et ses clients. Le projet consistait \u00e0 d\u00e9velopper une plateforme de location de voitures sur mesure, offrant \u00e0 Carseil plus d&#8217;autonomie, une meilleure gestion de ses v\u00e9hicules et une exp\u00e9rience utilisateur simplifi\u00e9e.<\/p>\n<p>&nbsp;<\/p>\n<p>[\/et_pb_text][\/et_pb_column][\/et_pb_row][et_pb_row _builder_version=&#8221;4.21.0&#8243; _module_preset=&#8221;default&#8221; global_colors_info=&#8221;{}&#8221;][et_pb_column type=&#8221;4_4&#8243; _builder_version=&#8221;4.21.0&#8243; _module_preset=&#8221;default&#8221; global_colors_info=&#8221;{}&#8221;][et_pb_image src=&#8221;https:\/\/mistyrose-quail-135088.hostingersite.com\/wp-content\/uploads\/2024\/11\/6.png&#8221; title_text=&#8221;6&#8243; _builder_version=&#8221;4.27.2&#8243; _module_preset=&#8221;default&#8221; hover_enabled=&#8221;0&#8243; border_radii=&#8221;on|10px|10px|10px|10px&#8221; global_colors_info=&#8221;{}&#8221; sticky_enabled=&#8221;0&#8243;][\/et_pb_image][et_pb_text _builder_version=&#8221;4.27.2&#8243; _module_preset=&#8221;bfdde3e7-200a-498b-8322-85d614ae5fff&#8221; header_2_font=&#8221;DM Sans|700|||||||&#8221; custom_margin=&#8221;||10px||false|false&#8221; content_en_us=&#8221;<\/p>\n<h2 style=%22text-align: right;%22>A successful implementation<\/h2>\n<p>&#8221; global_colors_info=&#8221;{}&#8221;]<\/p>\n<h2 style=\"text-align: right;\">Un exemple concret<\/h2>\n<p>[\/et_pb_text][et_pb_text _builder_version=&#8221;4.27.2&#8243; _module_preset=&#8221;6dd72c8b-96ff-4927-aeb5-008ec3f0ea64&#8243; content_en_us=&#8221;<\/p>\n<p>I was in charge of coordinating a team of developers, designers and UX experts to create an intuitive and functional platform. My role was to define the company&#8217;s needs, create precise specifications and monitor the project&#8217;s progress in order to meet deadlines and customer expectations.<\/p>\n<p>&#8221; global_colors_info=&#8221;{}&#8221;]<\/p>\n<p>J&#8217;ai coordonn\u00e9 une \u00e9quipe de d\u00e9veloppeurs, de designers et d&#8217;experts en UX pour cr\u00e9er une plateforme intuitive et fonctionnelle. Mon r\u00f4le \u00e9tait de d\u00e9finir les besoins de l\u2019entreprise, de cr\u00e9er des cahiers des charges pr\u00e9cis et de suivre l&#8217;avancement du projet afin de respecter les d\u00e9lais et les attentes du client.<\/p>\n<p>[\/et_pb_text][\/et_pb_column][\/et_pb_row][\/et_pb_section]<\/p>\n","protected":false},"excerpt":{"rendered":"<p>Location de v\u00e9hiculeCarseilCe projet m&#8217;a permis de superviser l&#8217;ensemble du processus de cr\u00e9ation de la plateforme, en m&#8217;assurant que chaque \u00e9tape \u2014 du d\u00e9veloppement au d\u00e9ploiement \u2014 \u00e9tait r\u00e9alis\u00e9e efficacement et en respectant les objectifs de l\u2019entreprise.Mes contributionsCarseil est une startup de location de voitures qui souhaitait s\u2019\u00e9manciper des plateformes tierces comme Getaround pour g\u00e9rer [&hellip;]<\/p>\n","protected":false},"author":1,"featured_media":0,"parent":0,"menu_order":0,"comment_status":"closed","ping_status":"closed","template":"","meta":{"_et_pb_use_builder":"on","_et_pb_old_content":"","_et_gb_content_width":"","footnotes":""},"class_list":["post-736","page","type-page","status-publish","hentry"],"yoast_head":"<!-- This site is optimized with the Yoast SEO plugin v27.4 - https:\/\/yoast.com\/product\/yoast-seo-wordpress\/ -->\n<title>project carseil<\/title>\n<meta name=\"robots\" content=\"index, follow, max-snippet:-1, max-image-preview:large, max-video-preview:-1\" \/>\n<meta property=\"og:locale\" content=\"en_US\" \/>\n<meta property=\"og:type\" content=\"article\" \/>\n<meta property=\"og:title\" content=\"project carseil\" \/>\n<meta property=\"og:url\" content=\"https:\/\/myriemgriche.fr\/en\/project-carseil\/\" \/>\n<meta property=\"og:site_name\" content=\"Consultante digitale\" \/>\n<meta property=\"article:modified_time\" content=\"2024-11-27T23:24:35+00:00\" \/>\n<meta property=\"og:image\" content=\"https:\/\/myriemgriche.fr\/wp-content\/uploads\/2024\/11\/302_1x_shots_so.png\" \/>\n\t<meta property=\"og:image:width\" content=\"1080\" \/>\n\t<meta property=\"og:image:height\" content=\"1080\" \/>\n\t<meta property=\"og:image:type\" content=\"image\/png\" \/>\n<meta name=\"twitter:card\" content=\"summary_large_image\" \/>\n<script type=\"application\/ld+json\" class=\"yoast-schema-graph\">{\"@context\":\"https:\\\/\\\/schema.org\",\"@graph\":[{\"@type\":\"WebPage\",\"@id\":\"https:\\\/\\\/myriemgriche.fr\\\/en\\\/project-carseil\\\/\",\"url\":\"https:\\\/\\\/myriemgriche.fr\\\/en\\\/project-carseil\\\/\",\"name\":\"projet carseil - Consultante digitale\",\"isPartOf\":{\"@id\":\"https:\\\/\\\/mistyrose-quail-135088.hostingersite.com\\\/#website\"},\"datePublished\":\"2024-10-07T17:41:22+00:00\",\"dateModified\":\"2024-11-27T23:24:35+00:00\",\"breadcrumb\":{\"@id\":\"https:\\\/\\\/myriemgriche.fr\\\/en\\\/project-carseil\\\/#breadcrumb\"},\"inLanguage\":\"en-US\",\"potentialAction\":[{\"@type\":\"ReadAction\",\"target\":[\"https:\\\/\\\/myriemgriche.fr\\\/en\\\/project-carseil\\\/\"]}]},{\"@type\":\"BreadcrumbList\",\"@id\":\"https:\\\/\\\/myriemgriche.fr\\\/en\\\/project-carseil\\\/#breadcrumb\",\"itemListElement\":[{\"@type\":\"ListItem\",\"position\":1,\"name\":\"Consultante en transformation digitale\",\"item\":\"https:\\\/\\\/myriemgriche.fr\\\/\"},{\"@type\":\"ListItem\",\"position\":2,\"name\":\"project carseil\"}]},{\"@type\":\"WebSite\",\"@id\":\"https:\\\/\\\/mistyrose-quail-135088.hostingersite.com\\\/#website\",\"url\":\"https:\\\/\\\/mistyrose-quail-135088.hostingersite.com\\\/\",\"name\":\"Consultante Digitale Myriem GRICHE\",\"description\":\"Cr\u00e9ation de site web - SEO - Publicit\u00e9 en ligne - SMM\",\"publisher\":{\"@id\":\"https:\\\/\\\/mistyrose-quail-135088.hostingersite.com\\\/#\\\/schema\\\/person\\\/74fc464a9370e5b0a3def543816b87c9\"},\"alternateName\":\"Myriem GRICHE\",\"potentialAction\":[{\"@type\":\"SearchAction\",\"target\":{\"@type\":\"EntryPoint\",\"urlTemplate\":\"https:\\\/\\\/mistyrose-quail-135088.hostingersite.com\\\/?s={search_term_string}\"},\"query-input\":{\"@type\":\"PropertyValueSpecification\",\"valueRequired\":true,\"valueName\":\"search_term_string\"}}],\"inLanguage\":\"en-US\"},{\"@type\":[\"Person\",\"Organization\"],\"@id\":\"https:\\\/\\\/mistyrose-quail-135088.hostingersite.com\\\/#\\\/schema\\\/person\\\/74fc464a9370e5b0a3def543816b87c9\",\"name\":\"mymy\",\"image\":{\"@type\":\"ImageObject\",\"inLanguage\":\"en-US\",\"@id\":\"https:\\\/\\\/mistyrose-quail-135088.hostingersite.com\\\/wp-content\\\/uploads\\\/2024\\\/11\\\/Design-sans-titre-2.png\",\"url\":\"https:\\\/\\\/mistyrose-quail-135088.hostingersite.com\\\/wp-content\\\/uploads\\\/2024\\\/11\\\/Design-sans-titre-2.png\",\"contentUrl\":\"https:\\\/\\\/mistyrose-quail-135088.hostingersite.com\\\/wp-content\\\/uploads\\\/2024\\\/11\\\/Design-sans-titre-2.png\",\"width\":500,\"height\":600,\"caption\":\"mymy\"},\"logo\":{\"@id\":\"https:\\\/\\\/mistyrose-quail-135088.hostingersite.com\\\/wp-content\\\/uploads\\\/2024\\\/11\\\/Design-sans-titre-2.png\"},\"sameAs\":[\"https:\\\/\\\/mistyrose-quail-135088.hostingersite.com\"]}]}<\/script>\n<!-- \/ Yoast SEO plugin. -->","yoast_head_json":{"title":"project carseil","robots":{"index":"index","follow":"follow","max-snippet":"max-snippet:-1","max-image-preview":"max-image-preview:large","max-video-preview":"max-video-preview:-1"},"og_locale":"en_US","og_type":"article","og_title":"project carseil","og_url":"https:\/\/myriemgriche.fr\/en\/project-carseil\/","og_site_name":"Consultante digitale","article_modified_time":"2024-11-27T23:24:35+00:00","og_image":[{"width":1080,"height":1080,"url":"https:\/\/myriemgriche.fr\/wp-content\/uploads\/2024\/11\/302_1x_shots_so.png","type":"image\/png"}],"twitter_card":"summary_large_image","schema":{"@context":"https:\/\/schema.org","@graph":[{"@type":"WebPage","@id":"https:\/\/myriemgriche.fr\/en\/project-carseil\/","url":"https:\/\/myriemgriche.fr\/en\/project-carseil\/","name":"projet carseil - Consultante digitale","isPartOf":{"@id":"https:\/\/mistyrose-quail-135088.hostingersite.com\/#website"},"datePublished":"2024-10-07T17:41:22+00:00","dateModified":"2024-11-27T23:24:35+00:00","breadcrumb":{"@id":"https:\/\/myriemgriche.fr\/en\/project-carseil\/#breadcrumb"},"inLanguage":"en-US","potentialAction":[{"@type":"ReadAction","target":["https:\/\/myriemgriche.fr\/en\/project-carseil\/"]}]},{"@type":"BreadcrumbList","@id":"https:\/\/myriemgriche.fr\/en\/project-carseil\/#breadcrumb","itemListElement":[{"@type":"ListItem","position":1,"name":"Consultante en transformation digitale","item":"https:\/\/myriemgriche.fr\/"},{"@type":"ListItem","position":2,"name":"project carseil"}]},{"@type":"WebSite","@id":"https:\/\/mistyrose-quail-135088.hostingersite.com\/#website","url":"https:\/\/mistyrose-quail-135088.hostingersite.com\/","name":"Consultante Digitale Myriem GRICHE","description":"Cr\u00e9ation de site web - SEO - Publicit\u00e9 en ligne - SMM","publisher":{"@id":"https:\/\/mistyrose-quail-135088.hostingersite.com\/#\/schema\/person\/74fc464a9370e5b0a3def543816b87c9"},"alternateName":"Myriem GRICHE","potentialAction":[{"@type":"SearchAction","target":{"@type":"EntryPoint","urlTemplate":"https:\/\/mistyrose-quail-135088.hostingersite.com\/?s={search_term_string}"},"query-input":{"@type":"PropertyValueSpecification","valueRequired":true,"valueName":"search_term_string"}}],"inLanguage":"en-US"},{"@type":["Person","Organization"],"@id":"https:\/\/mistyrose-quail-135088.hostingersite.com\/#\/schema\/person\/74fc464a9370e5b0a3def543816b87c9","name":"mymy","image":{"@type":"ImageObject","inLanguage":"en-US","@id":"https:\/\/mistyrose-quail-135088.hostingersite.com\/wp-content\/uploads\/2024\/11\/Design-sans-titre-2.png","url":"https:\/\/mistyrose-quail-135088.hostingersite.com\/wp-content\/uploads\/2024\/11\/Design-sans-titre-2.png","contentUrl":"https:\/\/mistyrose-quail-135088.hostingersite.com\/wp-content\/uploads\/2024\/11\/Design-sans-titre-2.png","width":500,"height":600,"caption":"mymy"},"logo":{"@id":"https:\/\/mistyrose-quail-135088.hostingersite.com\/wp-content\/uploads\/2024\/11\/Design-sans-titre-2.png"},"sameAs":["https:\/\/mistyrose-quail-135088.hostingersite.com"]}]}},"_links":{"self":[{"href":"https:\/\/myriemgriche.fr\/en\/wp-json\/wp\/v2\/pages\/736","targetHints":{"allow":["GET"]}}],"collection":[{"href":"https:\/\/myriemgriche.fr\/en\/wp-json\/wp\/v2\/pages"}],"about":[{"href":"https:\/\/myriemgriche.fr\/en\/wp-json\/wp\/v2\/types\/page"}],"author":[{"embeddable":true,"href":"https:\/\/myriemgriche.fr\/en\/wp-json\/wp\/v2\/users\/1"}],"replies":[{"embeddable":true,"href":"https:\/\/myriemgriche.fr\/en\/wp-json\/wp\/v2\/comments?post=736"}],"version-history":[{"count":5,"href":"https:\/\/myriemgriche.fr\/en\/wp-json\/wp\/v2\/pages\/736\/revisions"}],"predecessor-version":[{"id":233936,"href":"https:\/\/myriemgriche.fr\/en\/wp-json\/wp\/v2\/pages\/736\/revisions\/233936"}],"wp:attachment":[{"href":"https:\/\/myriemgriche.fr\/en\/wp-json\/wp\/v2\/media?parent=736"}],"curies":[{"name":"wp","href":"https:\/\/api.w.org\/{rel}","templated":true}]}}