{"id":682,"date":"2024-10-07T15:09:18","date_gmt":"2024-10-07T15:09:18","guid":{"rendered":"https:\/\/mistyrose-quail-135088.hostingersite.com\/?page_id=682"},"modified":"2024-12-02T22:49:51","modified_gmt":"2024-12-02T22:49:51","slug":"projet-developpement-web-polenn","status":"publish","type":"page","link":"https:\/\/myriemgriche.fr\/en\/project-polenn\/","title":{"rendered":"project polenn"},"content":{"rendered":"\n[et_pb_section fb_built=&#8221;1&#8243; admin_label=&#8221;Header&#8221; _builder_version=&#8221;4.27.2&#8243; _module_preset=&#8221;default&#8221; background_color=&#8221;#000000&#8243; background_image=&#8221;https:\/\/mistyrose-quail-135088.hostingersite.com\/wp-content\/uploads\/2024\/11\/online-banking-2.png&#8221; custom_margin=&#8221;3vw|3vw|3vw|3vw|true|true&#8221; custom_padding=&#8221;||10vw||false|false&#8221; background_last_edited=&#8221;on|tablet&#8221; background_mask_aspect_ratio_tablet=&#8221;portrait&#8221; border_radii=&#8221;on|1.5vw|1.5vw|1.5vw|1.5vw&#8221; locked=&#8221;off&#8221; collapsed=&#8221;on&#8221; global_colors_info=&#8221;{%22gcid-095f3017-670a-4d45-bbf8-520034f23a92%22:%91%22background_color_gradient_stops%22%93}&#8221;][et_pb_row _builder_version=&#8221;4.21.0&#8243; _module_preset=&#8221;default&#8221; width=&#8221;90%&#8221; max_width=&#8221;800px&#8221; locked=&#8221;off&#8221; global_colors_info=&#8221;{}&#8221;][et_pb_column type=&#8221;4_4&#8243; _builder_version=&#8221;4.21.0&#8243; _module_preset=&#8221;default&#8221; global_colors_info=&#8221;{}&#8221;][et_pb_text _builder_version=&#8221;4.27.2&#8243; _module_preset=&#8221;12ec52e2-d123-4f5e-94c6-d66485ae403f&#8221; header_4_font=&#8221;DM Sans|700||on|||||&#8221; header_4_text_color=&#8221;gcid-095f3017-670a-4d45-bbf8-520034f23a92&#8243; header_4_letter_spacing=&#8221;0.7em&#8221; content_en_us=&#8221;<h4 style=%22text-align: center;%22>Sports Performance Analysis Agency<\/h4>&#8221; global_colors_info=&#8221;{%22gcid-095f3017-670a-4d45-bbf8-520034f23a92%22:%91%22header_4_text_color%22%93}&#8221;]<h4 style=\"text-align: center;\"><\/h4>\n<h4>Compl\u00e9ments alimentaires au pollen de pin<\/h4>[\/et_pb_text][et_pb_text _builder_version=&#8221;4.27.2&#8243; _module_preset=&#8221;d88ec138-60ce-470d-b388-c5a63cf459ab&#8221; header_font=&#8221;&#8211;et_global_heading_font|700|||||||&#8221; header_text_color=&#8221;#FFFFFF&#8221; text_orientation=&#8221;center&#8221; custom_margin=&#8221;||10px||false|false&#8221; hover_enabled=&#8221;0&#8243; global_colors_info=&#8221;{}&#8221; sticky_enabled=&#8221;0&#8243;]<h1><a href=\"https:\/\/polenn.co\/\" >Polenn<\/a><\/h1>[\/et_pb_text][et_pb_text _builder_version=&#8221;4.27.2&#8243; _module_preset=&#8221;6dd72c8b-96ff-4927-aeb5-008ec3f0ea64&#8243; text_text_color=&#8221;#FFFFFF&#8221; text_orientation=&#8221;center&#8221; content_en_us=&#8221;<p style=%22text-align: center;%22>This project has been an enriching experience that has enabled me to combine skills in e-commerce web development with an understanding of the specific needs of the sports sector.<\/p>&#8221; global_colors_info=&#8221;{}&#8221;]<p>Ce projet m&#8217;a permis de mettre en pratique mes comp\u00e9tences en d\u00e9veloppement web et en UX tout en apportant une r\u00e9elle valeur ajout\u00e9e \u00e0 une marque ax\u00e9e sur les consommateurs \u00e0 la recherche de compl\u00e9ments naturels de qualit\u00e9.<\/p>[\/et_pb_text][\/et_pb_column][\/et_pb_row][\/et_pb_section][et_pb_section fb_built=&#8221;1&#8243; admin_label=&#8221;Project&#8221; _builder_version=&#8221;4.21.0&#8243; _module_preset=&#8221;default&#8221; collapsed=&#8221;on&#8221; global_colors_info=&#8221;{}&#8221;][et_pb_row _builder_version=&#8221;4.21.0&#8243; _module_preset=&#8221;default&#8221; global_colors_info=&#8221;{}&#8221;][et_pb_column type=&#8221;4_4&#8243; _builder_version=&#8221;4.21.0&#8243; _module_preset=&#8221;default&#8221; global_colors_info=&#8221;{}&#8221;][et_pb_image src=&#8221;https:\/\/mistyrose-quail-135088.hostingersite.com\/wp-content\/uploads\/2024\/11\/2.png&#8221; title_text=&#8221;Polenn D\u00e9veloppement web&#8221; _builder_version=&#8221;4.27.2&#8243; _module_preset=&#8221;default&#8221; hover_enabled=&#8221;0&#8243; border_radii=&#8221;on|10px|10px|10px|10px&#8221; global_colors_info=&#8221;{}&#8221; alt=&#8221;Polenn D\u00e9veloppement web&#8221; sticky_enabled=&#8221;0&#8243;][\/et_pb_image][\/et_pb_column][\/et_pb_row][et_pb_row column_structure=&#8221;2_5,3_5&#8243; _builder_version=&#8221;4.21.0&#8243; _module_preset=&#8221;default&#8221; global_colors_info=&#8221;{}&#8221;][et_pb_column type=&#8221;2_5&#8243; _builder_version=&#8221;4.21.0&#8243; _module_preset=&#8221;default&#8221; global_colors_info=&#8221;{}&#8221;][et_pb_text _builder_version=&#8221;4.27.2&#8243; _module_preset=&#8221;bfdde3e7-200a-498b-8322-85d614ae5fff&#8221; header_2_font=&#8221;DM Sans|700|||||||&#8221; custom_margin=&#8221;||10px||false|false&#8221; content_en_us=&#8221;<h2>My contributions<\/h2>&#8221; global_colors_info=&#8221;{}&#8221;]<h2>Mes contributions<\/h2>[\/et_pb_text][\/et_pb_column][et_pb_column type=&#8221;3_5&#8243; _builder_version=&#8221;4.21.0&#8243; _module_preset=&#8221;default&#8221; global_colors_info=&#8221;{}&#8221;][et_pb_text _builder_version=&#8221;4.27.2&#8243; _module_preset=&#8221;6dd72c8b-96ff-4927-aeb5-008ec3f0ea64&#8243; content_en_us=&#8221;<p><strong>Polenn<\/strong> is an online store specializing in dietary supplements based on pine pollen, recognized for its numerous health benefits. The challenge was to create an attractive, functional platform that reflected the brand&#8217;s identity while offering a fluid user experience.<\/p>\n<p>As a web developer, I had the opportunity to contribute to the development of the online store using Liquid, the development language used on Shopify. My main objective was to customize sections of the site to improve the store&#8217;s aesthetics and functionality.<\/p>&#8221; global_colors_info=&#8221;{}&#8221;]<p><strong>Polenn<\/strong> est une boutique en ligne sp\u00e9cialis\u00e9e dans la vente de compl\u00e9ments alimentaires \u00e0 base de pollen de pin, reconnu pour ses nombreux bienfaits sur la sant\u00e9. Le d\u00e9fi \u00e9tait de cr\u00e9er une plateforme attrayante et fonctionnelle qui refl\u00e8te l&#8217;identit\u00e9 de la marque tout en offrant une exp\u00e9rience utilisateur fluide.<\/p>\n<p>En tant que d\u00e9veloppeuse web, j&#8217;ai eu l&#8217;opportunit\u00e9 de contribuer au d\u00e9veloppement de la boutique en ligne en utilisant <strong>Liquid<\/strong>, le langage de d\u00e9veloppement utilis\u00e9 sur Shopify. Mon objectif principal \u00e9tait de personnaliser les sections du site pour am\u00e9liorer l&#8217;esth\u00e9tique et la fonctionnalit\u00e9 de la boutique.<\/p>[\/et_pb_text][\/et_pb_column][\/et_pb_row][et_pb_row column_structure=&#8221;3_5,2_5&#8243; _builder_version=&#8221;4.21.0&#8243; _module_preset=&#8221;default&#8221; global_colors_info=&#8221;{}&#8221;][et_pb_column type=&#8221;3_5&#8243; _builder_version=&#8221;4.21.0&#8243; _module_preset=&#8221;default&#8221; global_colors_info=&#8221;{}&#8221;][et_pb_image src=&#8221;https:\/\/mistyrose-quail-135088.hostingersite.com\/wp-content\/uploads\/2024\/11\/4.png&#8221; title_text=&#8221;4&#8243; _builder_version=&#8221;4.27.2&#8243; _module_preset=&#8221;default&#8221; border_radii=&#8221;on|10px|10px|10px|10px&#8221; global_colors_info=&#8221;{}&#8221;][\/et_pb_image][\/et_pb_column][et_pb_column type=&#8221;2_5&#8243; _builder_version=&#8221;4.21.0&#8243; _module_preset=&#8221;default&#8221; global_colors_info=&#8221;{}&#8221;][et_pb_text _builder_version=&#8221;4.27.2&#8243; _module_preset=&#8221;bfdde3e7-200a-498b-8322-85d614ae5fff&#8221; header_2_font=&#8221;DM Sans|700|||||||&#8221; custom_margin=&#8221;||10px||false|false&#8221; content_en_us=&#8221;<h2 style=%22text-align: right;%22>A successful implementation<\/h2>&#8221; global_colors_info=&#8221;{}&#8221;]<h2 style=\"text-align: right;\">Un exemple concret<\/h2>[\/et_pb_text][et_pb_text _builder_version=&#8221;4.27.2&#8243; _module_preset=&#8221;6dd72c8b-96ff-4927-aeb5-008ec3f0ea64&#8243; link_text_color=&#8221;#000000&#8243; content_en_us=&#8221;<p>I developed customized sections in Liquid to dynamically highlight product options by linking metadata, tags and price to display them directly on the selected option. This personalization helped to better capture visitors&#8217; attention and increase conversion rates.<\/p>&#8221; global_colors_info=&#8221;{}&#8221;]<p>J&#8217;ai d\u00e9velopp\u00e9 des sections personnalis\u00e9es en Liquid pour mettre en avant les options de produits de mani\u00e8re dynamique en reliant des <a href=\"https:\/\/mistyrose-quail-135088.hostingersite.com\/service-seo\/\">m\u00e9ta-donn\u00e9es<\/a>, tags et le prix afin de les afficher directement sur l&#8217;option s\u00e9lectionn\u00e9e. Cette personnalisation a permis de mieux captiver l&#8217;attention des visiteurs et d\u2019augmenter le taux de conversion.<\/p>[\/et_pb_text][\/et_pb_column][\/et_pb_row][\/et_pb_section]\n","protected":false},"excerpt":{"rendered":"<p>Compl\u00e9ments alimentaires au pollen de pinPolennCe projet m&#8217;a permis de mettre en pratique mes comp\u00e9tences en d\u00e9veloppement web et en UX tout en apportant une r\u00e9elle valeur ajout\u00e9e \u00e0 une marque ax\u00e9e sur les consommateurs \u00e0 la recherche de compl\u00e9ments naturels de qualit\u00e9.Mes contributionsPolenn est une boutique en ligne sp\u00e9cialis\u00e9e dans la vente de compl\u00e9ments [&hellip;]<\/p>\n","protected":false},"author":1,"featured_media":233914,"parent":0,"menu_order":0,"comment_status":"closed","ping_status":"closed","template":"","meta":{"_et_pb_use_builder":"on","_et_pb_old_content":"","_et_gb_content_width":"","footnotes":""},"class_list":["post-682","page","type-page","status-publish","has-post-thumbnail","hentry"],"yoast_head":"<!-- This site is optimized with the Yoast SEO plugin v27.4 - https:\/\/yoast.com\/product\/yoast-seo-wordpress\/ -->\n<title>project polenn<\/title>\n<meta name=\"robots\" content=\"index, follow, max-snippet:-1, max-image-preview:large, max-video-preview:-1\" \/>\n<meta property=\"og:locale\" content=\"en_US\" \/>\n<meta property=\"og:type\" content=\"article\" \/>\n<meta property=\"og:title\" content=\"project polenn\" \/>\n<meta property=\"og:url\" content=\"https:\/\/myriemgriche.fr\/en\/project-polenn\/\" \/>\n<meta property=\"og:site_name\" content=\"Consultante digitale\" \/>\n<meta property=\"article:modified_time\" content=\"2024-12-02T22:49:51+00:00\" \/>\n<meta property=\"og:image\" content=\"https:\/\/myriemgriche.fr\/wp-content\/uploads\/2024\/11\/2.png\" \/>\n\t<meta property=\"og:image:width\" content=\"1200\" \/>\n\t<meta property=\"og:image:height\" content=\"900\" \/>\n\t<meta property=\"og:image:type\" content=\"image\/png\" \/>\n<meta name=\"twitter:card\" content=\"summary_large_image\" \/>\n<meta name=\"twitter:label1\" content=\"Est. reading time\" \/>\n\t<meta name=\"twitter:data1\" content=\"2 minutes\" \/>\n<script type=\"application\/ld+json\" class=\"yoast-schema-graph\">{\"@context\":\"https:\\\/\\\/schema.org\",\"@graph\":[{\"@type\":\"WebPage\",\"@id\":\"https:\\\/\\\/myriemgriche.fr\\\/en\\\/project-polenn\\\/\",\"url\":\"https:\\\/\\\/myriemgriche.fr\\\/en\\\/project-polenn\\\/\",\"name\":\"D\u00e9veloppement web - Polenn\",\"isPartOf\":{\"@id\":\"https:\\\/\\\/mistyrose-quail-135088.hostingersite.com\\\/#website\"},\"primaryImageOfPage\":{\"@id\":\"https:\\\/\\\/myriemgriche.fr\\\/en\\\/project-polenn\\\/#primaryimage\"},\"image\":{\"@id\":\"https:\\\/\\\/myriemgriche.fr\\\/en\\\/project-polenn\\\/#primaryimage\"},\"thumbnailUrl\":\"https:\\\/\\\/myriemgriche.fr\\\/wp-content\\\/uploads\\\/2024\\\/11\\\/2.png\",\"datePublished\":\"2024-10-07T15:09:18+00:00\",\"dateModified\":\"2024-12-02T22:49:51+00:00\",\"description\":\"D\u00e9veloppement web de Polenn, une marque d\u00e9di\u00e9e \u00e0 la sant\u00e9. Design \u00e9pur\u00e9 et navigation intuitive pour mettre en valeur des produits.\",\"breadcrumb\":{\"@id\":\"https:\\\/\\\/myriemgriche.fr\\\/en\\\/project-polenn\\\/#breadcrumb\"},\"inLanguage\":\"en-US\",\"potentialAction\":[{\"@type\":\"ReadAction\",\"target\":[\"https:\\\/\\\/myriemgriche.fr\\\/en\\\/project-polenn\\\/\"]}]},{\"@type\":\"ImageObject\",\"inLanguage\":\"en-US\",\"@id\":\"https:\\\/\\\/myriemgriche.fr\\\/en\\\/project-polenn\\\/#primaryimage\",\"url\":\"https:\\\/\\\/myriemgriche.fr\\\/wp-content\\\/uploads\\\/2024\\\/11\\\/2.png\",\"contentUrl\":\"https:\\\/\\\/myriemgriche.fr\\\/wp-content\\\/uploads\\\/2024\\\/11\\\/2.png\",\"width\":1200,\"height\":900,\"caption\":\"Polenn D\u00e9veloppement web\"},{\"@type\":\"BreadcrumbList\",\"@id\":\"https:\\\/\\\/myriemgriche.fr\\\/en\\\/project-polenn\\\/#breadcrumb\",\"itemListElement\":[{\"@type\":\"ListItem\",\"position\":1,\"name\":\"Consultante en transformation digitale\",\"item\":\"https:\\\/\\\/myriemgriche.fr\\\/\"},{\"@type\":\"ListItem\",\"position\":2,\"name\":\"project polenn\"}]},{\"@type\":\"WebSite\",\"@id\":\"https:\\\/\\\/mistyrose-quail-135088.hostingersite.com\\\/#website\",\"url\":\"https:\\\/\\\/mistyrose-quail-135088.hostingersite.com\\\/\",\"name\":\"Consultante Digitale Myriem GRICHE\",\"description\":\"Cr\u00e9ation de site web - SEO - Publicit\u00e9 en ligne - SMM\",\"publisher\":{\"@id\":\"https:\\\/\\\/mistyrose-quail-135088.hostingersite.com\\\/#\\\/schema\\\/person\\\/74fc464a9370e5b0a3def543816b87c9\"},\"alternateName\":\"Myriem GRICHE\",\"potentialAction\":[{\"@type\":\"SearchAction\",\"target\":{\"@type\":\"EntryPoint\",\"urlTemplate\":\"https:\\\/\\\/mistyrose-quail-135088.hostingersite.com\\\/?s={search_term_string}\"},\"query-input\":{\"@type\":\"PropertyValueSpecification\",\"valueRequired\":true,\"valueName\":\"search_term_string\"}}],\"inLanguage\":\"en-US\"},{\"@type\":[\"Person\",\"Organization\"],\"@id\":\"https:\\\/\\\/mistyrose-quail-135088.hostingersite.com\\\/#\\\/schema\\\/person\\\/74fc464a9370e5b0a3def543816b87c9\",\"name\":\"mymy\",\"image\":{\"@type\":\"ImageObject\",\"inLanguage\":\"en-US\",\"@id\":\"https:\\\/\\\/mistyrose-quail-135088.hostingersite.com\\\/wp-content\\\/uploads\\\/2024\\\/11\\\/Design-sans-titre-2.png\",\"url\":\"https:\\\/\\\/mistyrose-quail-135088.hostingersite.com\\\/wp-content\\\/uploads\\\/2024\\\/11\\\/Design-sans-titre-2.png\",\"contentUrl\":\"https:\\\/\\\/mistyrose-quail-135088.hostingersite.com\\\/wp-content\\\/uploads\\\/2024\\\/11\\\/Design-sans-titre-2.png\",\"width\":500,\"height\":600,\"caption\":\"mymy\"},\"logo\":{\"@id\":\"https:\\\/\\\/mistyrose-quail-135088.hostingersite.com\\\/wp-content\\\/uploads\\\/2024\\\/11\\\/Design-sans-titre-2.png\"},\"sameAs\":[\"https:\\\/\\\/mistyrose-quail-135088.hostingersite.com\"]}]}<\/script>\n<!-- \/ Yoast SEO plugin. -->","yoast_head_json":{"title":"project polenn","robots":{"index":"index","follow":"follow","max-snippet":"max-snippet:-1","max-image-preview":"max-image-preview:large","max-video-preview":"max-video-preview:-1"},"og_locale":"en_US","og_type":"article","og_title":"project polenn","og_url":"https:\/\/myriemgriche.fr\/en\/project-polenn\/","og_site_name":"Consultante digitale","article_modified_time":"2024-12-02T22:49:51+00:00","og_image":[{"width":1200,"height":900,"url":"https:\/\/myriemgriche.fr\/wp-content\/uploads\/2024\/11\/2.png","type":"image\/png"}],"twitter_card":"summary_large_image","twitter_misc":{"Est. reading time":"2 minutes"},"schema":{"@context":"https:\/\/schema.org","@graph":[{"@type":"WebPage","@id":"https:\/\/myriemgriche.fr\/en\/project-polenn\/","url":"https:\/\/myriemgriche.fr\/en\/project-polenn\/","name":"D\u00e9veloppement web - Polenn","isPartOf":{"@id":"https:\/\/mistyrose-quail-135088.hostingersite.com\/#website"},"primaryImageOfPage":{"@id":"https:\/\/myriemgriche.fr\/en\/project-polenn\/#primaryimage"},"image":{"@id":"https:\/\/myriemgriche.fr\/en\/project-polenn\/#primaryimage"},"thumbnailUrl":"https:\/\/myriemgriche.fr\/wp-content\/uploads\/2024\/11\/2.png","datePublished":"2024-10-07T15:09:18+00:00","dateModified":"2024-12-02T22:49:51+00:00","description":"D\u00e9veloppement web de Polenn, une marque d\u00e9di\u00e9e \u00e0 la sant\u00e9. Design \u00e9pur\u00e9 et navigation intuitive pour mettre en valeur des produits.","breadcrumb":{"@id":"https:\/\/myriemgriche.fr\/en\/project-polenn\/#breadcrumb"},"inLanguage":"en-US","potentialAction":[{"@type":"ReadAction","target":["https:\/\/myriemgriche.fr\/en\/project-polenn\/"]}]},{"@type":"ImageObject","inLanguage":"en-US","@id":"https:\/\/myriemgriche.fr\/en\/project-polenn\/#primaryimage","url":"https:\/\/myriemgriche.fr\/wp-content\/uploads\/2024\/11\/2.png","contentUrl":"https:\/\/myriemgriche.fr\/wp-content\/uploads\/2024\/11\/2.png","width":1200,"height":900,"caption":"Polenn D\u00e9veloppement web"},{"@type":"BreadcrumbList","@id":"https:\/\/myriemgriche.fr\/en\/project-polenn\/#breadcrumb","itemListElement":[{"@type":"ListItem","position":1,"name":"Consultante en transformation digitale","item":"https:\/\/myriemgriche.fr\/"},{"@type":"ListItem","position":2,"name":"project polenn"}]},{"@type":"WebSite","@id":"https:\/\/mistyrose-quail-135088.hostingersite.com\/#website","url":"https:\/\/mistyrose-quail-135088.hostingersite.com\/","name":"Consultante Digitale Myriem GRICHE","description":"Cr\u00e9ation de site web - SEO - Publicit\u00e9 en ligne - SMM","publisher":{"@id":"https:\/\/mistyrose-quail-135088.hostingersite.com\/#\/schema\/person\/74fc464a9370e5b0a3def543816b87c9"},"alternateName":"Myriem GRICHE","potentialAction":[{"@type":"SearchAction","target":{"@type":"EntryPoint","urlTemplate":"https:\/\/mistyrose-quail-135088.hostingersite.com\/?s={search_term_string}"},"query-input":{"@type":"PropertyValueSpecification","valueRequired":true,"valueName":"search_term_string"}}],"inLanguage":"en-US"},{"@type":["Person","Organization"],"@id":"https:\/\/mistyrose-quail-135088.hostingersite.com\/#\/schema\/person\/74fc464a9370e5b0a3def543816b87c9","name":"mymy","image":{"@type":"ImageObject","inLanguage":"en-US","@id":"https:\/\/mistyrose-quail-135088.hostingersite.com\/wp-content\/uploads\/2024\/11\/Design-sans-titre-2.png","url":"https:\/\/mistyrose-quail-135088.hostingersite.com\/wp-content\/uploads\/2024\/11\/Design-sans-titre-2.png","contentUrl":"https:\/\/mistyrose-quail-135088.hostingersite.com\/wp-content\/uploads\/2024\/11\/Design-sans-titre-2.png","width":500,"height":600,"caption":"mymy"},"logo":{"@id":"https:\/\/mistyrose-quail-135088.hostingersite.com\/wp-content\/uploads\/2024\/11\/Design-sans-titre-2.png"},"sameAs":["https:\/\/mistyrose-quail-135088.hostingersite.com"]}]}},"_links":{"self":[{"href":"https:\/\/myriemgriche.fr\/en\/wp-json\/wp\/v2\/pages\/682","targetHints":{"allow":["GET"]}}],"collection":[{"href":"https:\/\/myriemgriche.fr\/en\/wp-json\/wp\/v2\/pages"}],"about":[{"href":"https:\/\/myriemgriche.fr\/en\/wp-json\/wp\/v2\/types\/page"}],"author":[{"embeddable":true,"href":"https:\/\/myriemgriche.fr\/en\/wp-json\/wp\/v2\/users\/1"}],"replies":[{"embeddable":true,"href":"https:\/\/myriemgriche.fr\/en\/wp-json\/wp\/v2\/comments?post=682"}],"version-history":[{"count":16,"href":"https:\/\/myriemgriche.fr\/en\/wp-json\/wp\/v2\/pages\/682\/revisions"}],"predecessor-version":[{"id":233980,"href":"https:\/\/myriemgriche.fr\/en\/wp-json\/wp\/v2\/pages\/682\/revisions\/233980"}],"wp:featuredmedia":[{"embeddable":true,"href":"https:\/\/myriemgriche.fr\/en\/wp-json\/wp\/v2\/media\/233914"}],"wp:attachment":[{"href":"https:\/\/myriemgriche.fr\/en\/wp-json\/wp\/v2\/media?parent=682"}],"curies":[{"name":"wp","href":"https:\/\/api.w.org\/{rel}","templated":true}]}}