{"id":418,"date":"2024-02-09T03:40:26","date_gmt":"2024-02-09T03:40:26","guid":{"rendered":"https:\/\/mistyrose-quail-135088.hostingersite.com\/?page_id=418"},"modified":"2024-12-02T22:22:57","modified_gmt":"2024-12-02T22:22:57","slug":"a-propos","status":"publish","type":"page","link":"https:\/\/myriemgriche.fr\/en\/about-me\/","title":{"rendered":"about-me"},"content":{"rendered":"<p>[et_pb_section fb_built=&#8221;1&#8243; admin_label=&#8221;Header&#8221; _builder_version=&#8221;4.27.2&#8243; _module_preset=&#8221;default&#8221; background_color=&#8221;#000000&#8243; background_image=&#8221;https:\/\/mistyrose-quail-135088.hostingersite.com\/wp-content\/uploads\/2024\/11\/online-banking-1c.png&#8221; collapsed=&#8221;on&#8221; global_colors_info=&#8221;{}&#8221;][et_pb_row column_structure=&#8221;1_2,1_2&#8243; _builder_version=&#8221;4.27.2&#8243; _module_preset=&#8221;default&#8221; global_colors_info=&#8221;{}&#8221;][et_pb_column type=&#8221;1_2&#8243; _builder_version=&#8221;4.20.0&#8243; _module_preset=&#8221;default&#8221; global_colors_info=&#8221;{}&#8221;][et_pb_text _builder_version=&#8221;4.27.2&#8243; _module_preset=&#8221;3c3b9605-fc97-40ae-a304-bb320a69081b&#8221; header_text_color=&#8221;#FFFFFF&#8221; custom_margin=&#8221;||10px||false|false&#8221; global_colors_info=&#8221;{}&#8221;]<\/p>\n<h1>\u00c0 propos de moi<\/h1>\n<p>[\/et_pb_text][et_pb_text _builder_version=&#8221;4.27.2&#8243; _module_preset=&#8221;1ffa96e9-c5e2-40ba-8a01-321c6ccb7b31&#8243; text_text_color=&#8221;rgba(255,255,255,0.7)&#8221; global_colors_info=&#8221;{}&#8221;]<\/p>\n<p><span>Je m\u2019appelle Myriem GRICHE, consultante en transformation digitale sp\u00e9cialis\u00e9e dans l&#8217;accompagnement des entreprises, cr\u00e9ateurs d\u2019entreprise et auto-entrepreneurs. Mon objectif : donner vie \u00e0 vos projets en ligne avec des solutions sur mesure qui captivent, engagent et convertissent.<\/span><\/p>\n<p>[\/et_pb_text][\/et_pb_column][et_pb_column type=&#8221;1_2&#8243; _builder_version=&#8221;4.27.2&#8243; _module_preset=&#8221;default&#8221; global_colors_info=&#8221;{}&#8221;][et_pb_image src=&#8221;https:\/\/mistyrose-quail-135088.hostingersite.com\/wp-content\/uploads\/2024\/11\/Design-sans-titre-2.png&#8221; title_text=&#8221;photo consultante en transformation digitale&#8221; _builder_version=&#8221;4.27.2&#8243; _module_preset=&#8221;default&#8221; width=&#8221;53%&#8221; module_alignment=&#8221;center&#8221; custom_margin=&#8221;15%||||false|false&#8221; border_radii=&#8221;on|180px|180px|180px|180px&#8221; border_width_all=&#8221;1px&#8221; border_color_all=&#8221;gcid-095f3017-670a-4d45-bbf8-520034f23a92&#8243; global_colors_info=&#8221;{%22gcid-095f3017-670a-4d45-bbf8-520034f23a92%22:%91%22border_color_all%22%93}&#8221;][\/et_pb_image][\/et_pb_column][\/et_pb_row][\/et_pb_section][et_pb_section fb_built=&#8221;1&#8243; admin_label=&#8221;Features&#8221; _builder_version=&#8221;4.20.0&#8243; _module_preset=&#8221;default&#8221; locked=&#8221;off&#8221; collapsed=&#8221;on&#8221; global_colors_info=&#8221;{}&#8221;][et_pb_row _builder_version=&#8221;4.20.0&#8243; _module_preset=&#8221;default&#8221; max_width=&#8221;700px&#8221; global_colors_info=&#8221;{}&#8221;][et_pb_column type=&#8221;4_4&#8243; _builder_version=&#8221;4.20.0&#8243; _module_preset=&#8221;default&#8221; global_colors_info=&#8221;{}&#8221;][et_pb_text _builder_version=&#8221;4.20.0&#8243; _module_preset=&#8221;f324cf8b-c34b-49df-9d3c-46e269650c61&#8243; text_orientation=&#8221;center&#8221; global_colors_info=&#8221;{}&#8221;]<\/p>\n<h4>Mon parcours<\/h4>\n<p>[\/et_pb_text][et_pb_text _builder_version=&#8221;4.27.2&#8243; _module_preset=&#8221;ef63392b-6022-4850-a5e7-99b6bdf8f382&#8243; text_orientation=&#8221;center&#8221; global_colors_info=&#8221;{}&#8221;]<\/p>\n<h2>Une expertise au service de votre croissance<\/h2>\n<p>[\/et_pb_text][\/et_pb_column][\/et_pb_row][et_pb_row _builder_version=&#8221;4.21.0&#8243; _module_preset=&#8221;default&#8221; global_colors_info=&#8221;{}&#8221;][et_pb_column type=&#8221;4_4&#8243; _builder_version=&#8221;4.20.0&#8243; _module_preset=&#8221;default&#8221; global_colors_info=&#8221;{}&#8221;][et_pb_text _builder_version=&#8221;4.27.2&#8243; _module_preset=&#8221;1ffa96e9-c5e2-40ba-8a01-321c6ccb7b31&#8243; text_text_color=&#8221;#000000&#8243; hover_enabled=&#8221;0&#8243; global_colors_info=&#8221;{}&#8221; sticky_enabled=&#8221;0&#8243; link_text_color=&#8221;#000000&#8243;]<\/p>\n<p style=\"text-align: center;\"><span>Avec plusieurs ann\u00e9es d\u2019exp\u00e9rience dans le digital, j\u2019ai aid\u00e9 des entreprises \u00e0 cr\u00e9er des <a href=\"https:\/\/mistyrose-quail-135088.hostingersite.com\/service-creation-de-site-web\/\">sites web performants<\/a>, \u00e0 am\u00e9liorer leur visibilit\u00e9 gr\u00e2ce au <a href=\"https:\/\/mistyrose-quail-135088.hostingersite.com\/service-seo\/\">SEO<\/a>, \u00e0 booster leurs <a href=\"https:\/\/mistyrose-quail-135088.hostingersite.com\/service-ads-publicites-en-ligne\/\">campagnes publicitaires<\/a> et \u00e0 b\u00e2tir des communaut\u00e9s engag\u00e9es sur les <a href=\"https:\/\/mistyrose-quail-135088.hostingersite.com\/service-social-media-marketing\/\">r\u00e9seaux sociaux<\/a>.<\/span><br \/><span>Que vous d\u00e9butiez ou que vous souhaitiez optimiser votre pr\u00e9sence en ligne, je combine strat\u00e9gie, cr\u00e9ativit\u00e9 et technique pour propulser votre activit\u00e9 \u00e0 un autre niveau.<\/span><\/p>\n<p>[\/et_pb_text][et_pb_image src=&#8221;https:\/\/mistyrose-quail-135088.hostingersite.com\/wp-content\/uploads\/2024\/11\/online-banking-6.png&#8221; title_text=&#8221;online-banking-6&#8243; _builder_version=&#8221;4.21.0&#8243; _module_preset=&#8221;default&#8221; scroll_vertical_motion_enable=&#8221;on&#8221; scroll_vertical_motion=&#8221;0|50|50|100|2|0|-2&#8243; global_colors_info=&#8221;{}&#8221;][\/et_pb_image][\/et_pb_column][\/et_pb_row][et_pb_row column_structure=&#8221;1_4,1_4,1_4,1_4&#8243; use_custom_gutter=&#8221;on&#8221; gutter_width=&#8221;2&#8243; make_equal=&#8221;on&#8221; custom_padding_last_edited=&#8221;on|tablet&#8221; _builder_version=&#8221;4.21.0&#8243; _module_preset=&#8221;default&#8221; custom_padding_tablet=&#8221;||0px||false|false&#8221; custom_padding_phone=&#8221;||0px||false|false&#8221; locked=&#8221;off&#8221; global_colors_info=&#8221;{}&#8221;][et_pb_column type=&#8221;1_4&#8243; _builder_version=&#8221;4.21.0&#8243; _module_preset=&#8221;default&#8221; background_color=&#8221;#CBFF00&#8243; custom_padding=&#8221;18%|20px|30px|20px|false|true&#8221; border_radii=&#8221;on|10px|10px|10px|10px&#8221; global_colors_info=&#8221;{%22gcid-095f3017-670a-4d45-bbf8-520034f23a92%22:%91%22background_color__hover%22,%22background_color__hover%22%93}&#8221; background__hover_enabled=&#8221;off|desktop&#8221; background_color__hover=&#8221;#cbff00&#8243; background_enable_color__hover=&#8221;on&#8221; background_image__hover=&#8221;https:\/\/mistyrose-quail-135088.hostingersite.com\/wp-content\/uploads\/2024\/11\/online-banking-3b.png&#8221; background_enable_image__hover=&#8221;on&#8221; background_size__hover=&#8221;stretch&#8221;][et_pb_icon font_icon=&#8221;&#xf12e;||fa||900&#8243; icon_color=&#8221;#000000&#8243; icon_width=&#8221;32px&#8221; align=&#8221;left&#8221; _builder_version=&#8221;4.27.2&#8243; _module_preset=&#8221;default&#8221; locked=&#8221;off&#8221; global_colors_info=&#8221;{}&#8221;][\/et_pb_icon][et_pb_text _builder_version=&#8221;4.27.2&#8243; _module_preset=&#8221;0554b37b-5f28-412f-92a7-8fc5d56d456a&#8221; custom_margin=&#8221;||0px||false|false&#8221; global_colors_info=&#8221;{}&#8221;]<\/p>\n<h5><strong>Une approche personnalis\u00e9e<span>\u00a0<\/span><\/strong><\/h5>\n<p>[\/et_pb_text][et_pb_text _builder_version=&#8221;4.27.2&#8243; _module_preset=&#8221;1ffa96e9-c5e2-40ba-8a01-321c6ccb7b31&#8243; text_text_color=&#8221;gcid-1b4a3854-7b44-49f6-922e-e1ac36476373&#8243; global_colors_info=&#8221;{%22gcid-1b4a3854-7b44-49f6-922e-e1ac36476373%22:%91%22text_text_color%22%93}&#8221;]<\/p>\n<p><span>Chaque projet est unique, et je m\u2019assure que mes solutions correspondent \u00e0 vos besoins et objectifs.<\/span><\/p>\n<p>[\/et_pb_text][\/et_pb_column][et_pb_column type=&#8221;1_4&#8243; _builder_version=&#8221;4.21.0&#8243; _module_preset=&#8221;default&#8221; background_color=&#8221;gcid-4f56aa54-3b36-4432-8908-d727fd88891e&#8221; custom_padding=&#8221;18%|20px|30px|20px|false|true&#8221; border_radii=&#8221;on|10px|10px|10px|10px&#8221; global_colors_info=&#8221;{%22gcid-095f3017-670a-4d45-bbf8-520034f23a92%22:%91%22background_color__hover%22,%22background_color__hover%22%93,%22gcid-4f56aa54-3b36-4432-8908-d727fd88891e%22:%91%22background_color%22%93}&#8221; background__hover_enabled=&#8221;off|desktop&#8221; background_color__hover=&#8221;#cbff00&#8243; background_enable_color__hover=&#8221;on&#8221; background_image__hover=&#8221;https:\/\/mistyrose-quail-135088.hostingersite.com\/wp-content\/uploads\/2024\/11\/online-banking-3b.png&#8221; background_enable_image__hover=&#8221;on&#8221; background_size__hover=&#8221;stretch&#8221;][et_pb_icon font_icon=&#8221;&#xf850;||fa||900&#8243; icon_color=&#8221;#000000&#8243; icon_width=&#8221;32px&#8221; align=&#8221;left&#8221; _builder_version=&#8221;4.27.2&#8243; _module_preset=&#8221;default&#8221; locked=&#8221;off&#8221; global_colors_info=&#8221;{}&#8221;][\/et_pb_icon][et_pb_text _builder_version=&#8221;4.27.2&#8243; _module_preset=&#8221;0554b37b-5f28-412f-92a7-8fc5d56d456a&#8221; custom_margin=&#8221;||0px||false|false&#8221; global_colors_info=&#8221;{}&#8221;]<\/p>\n<h5><strong>Une expertise reconnue<\/strong><\/h5>\n<p>[\/et_pb_text][et_pb_text _builder_version=&#8221;4.27.2&#8243; _module_preset=&#8221;1ffa96e9-c5e2-40ba-8a01-321c6ccb7b31&#8243; text_text_color=&#8221;gcid-1b4a3854-7b44-49f6-922e-e1ac36476373&#8243; hover_enabled=&#8221;0&#8243; global_colors_info=&#8221;{%22gcid-1b4a3854-7b44-49f6-922e-e1ac36476373%22:%91%22text_text_color%22%93}&#8221; sticky_enabled=&#8221;0&#8243; link_text_color=&#8221;#000000&#8243;]<\/p>\n<p><span>De la <a href=\"https:\/\/mistyrose-quail-135088.hostingersite.com\/service-creation-de-site-web\/\">cr\u00e9ation de site web<\/a> au <a href=\"https:\/\/mistyrose-quail-135088.hostingersite.com\/service-seo\/\">SEO<\/a> en passant par les <a href=\"https:\/\/mistyrose-quail-135088.hostingersite.com\/service-ads-publicites-en-ligne\/\">campagnes publicitaires<\/a>, mes services sont con\u00e7us pour des r\u00e9sultats mesurables.<\/span><\/p>\n<p>[\/et_pb_text][\/et_pb_column][et_pb_column type=&#8221;1_4&#8243; _builder_version=&#8221;4.21.0&#8243; _module_preset=&#8221;default&#8221; background_color=&#8221;#FFFFFF&#8221; custom_padding=&#8221;18%|20px|30px|20px|false|true&#8221; border_radii=&#8221;on|10px|10px|10px|10px&#8221; border_width_all=&#8221;2px&#8221; global_colors_info=&#8221;{%22gcid-095f3017-670a-4d45-bbf8-520034f23a92%22:%91%22background_color__hover%22,%22background_color__hover%22%93}&#8221; background__hover_enabled=&#8221;off|desktop&#8221; background_color__hover=&#8221;#cbff00&#8243; background_enable_color__hover=&#8221;on&#8221; background_image__hover=&#8221;https:\/\/mistyrose-quail-135088.hostingersite.com\/wp-content\/uploads\/2024\/11\/online-banking-3b.png&#8221; background_enable_image__hover=&#8221;on&#8221; background_size__hover=&#8221;stretch&#8221;][et_pb_icon font_icon=&#8221;&#xf0c0;||fa||900&#8243; icon_color=&#8221;#000000&#8243; icon_width=&#8221;32px&#8221; align=&#8221;left&#8221; _builder_version=&#8221;4.27.2&#8243; _module_preset=&#8221;default&#8221; locked=&#8221;off&#8221; global_colors_info=&#8221;{}&#8221;][\/et_pb_icon][et_pb_text _builder_version=&#8221;4.27.2&#8243; _module_preset=&#8221;0554b37b-5f28-412f-92a7-8fc5d56d456a&#8221; custom_margin=&#8221;||0px||false|false&#8221; global_colors_info=&#8221;{}&#8221;]<\/p>\n<h5><strong>Un partenariat solide<\/strong><\/h5>\n<p>[\/et_pb_text][et_pb_text _builder_version=&#8221;4.27.2&#8243; _module_preset=&#8221;1ffa96e9-c5e2-40ba-8a01-321c6ccb7b31&#8243; text_text_color=&#8221;gcid-1b4a3854-7b44-49f6-922e-e1ac36476373&#8243; global_colors_info=&#8221;{%22gcid-1b4a3854-7b44-49f6-922e-e1ac36476373%22:%91%22text_text_color%22%93}&#8221;]<\/p>\n<p><span>Je vous guide \u00e0 chaque \u00e9tape avec des solutions claires et efficaces, pour une transformation digitale r\u00e9ussie.<\/span><\/p>\n<p>[\/et_pb_text][\/et_pb_column][et_pb_column type=&#8221;1_4&#8243; _builder_version=&#8221;4.21.0&#8243; _module_preset=&#8221;default&#8221; background_color=&#8221;#000000&#8243; custom_padding=&#8221;18%|20px|30px|20px|false|true&#8221; custom_padding_tablet=&#8221;||30px||false|false&#8221; custom_padding_phone=&#8221;||20px||false|false&#8221; custom_padding_last_edited=&#8221;off|desktop&#8221; border_radii=&#8221;on|10px|10px|10px|10px&#8221; global_colors_info=&#8221;{%22gcid-095f3017-670a-4d45-bbf8-520034f23a92%22:%91%22background_color__hover%22%93}&#8221; background__hover_enabled=&#8221;off|desktop&#8221; background_color__hover=&#8221;#cbff00&#8243; background_enable_color__hover=&#8221;on&#8221; background_image__hover=&#8221;https:\/\/mistyrose-quail-135088.hostingersite.com\/wp-content\/uploads\/2024\/11\/online-banking-3b.png&#8221; background_enable_image__hover=&#8221;on&#8221; background_size__hover=&#8221;stretch&#8221;][et_pb_icon font_icon=&#8221;&#xf4fd;||fa||900&#8243; icon_color=&#8221;#CBFF00&#8243; icon_width=&#8221;32px&#8221; align=&#8221;left&#8221; _builder_version=&#8221;4.27.2&#8243; _module_preset=&#8221;default&#8221; locked=&#8221;off&#8221; global_colors_info=&#8221;{}&#8221;][\/et_pb_icon][et_pb_text _builder_version=&#8221;4.27.2&#8243; _module_preset=&#8221;0554b37b-5f28-412f-92a7-8fc5d56d456a&#8221; header_5_text_color=&#8221;#FFFFFF&#8221; custom_margin=&#8221;||0px||false|false&#8221; global_colors_info=&#8221;{}&#8221;]<\/p>\n<h5><strong>Des r\u00e9sultats durables<\/strong><\/h5>\n<p>[\/et_pb_text][et_pb_text _builder_version=&#8221;4.27.2&#8243; _module_preset=&#8221;1ffa96e9-c5e2-40ba-8a01-321c6ccb7b31&#8243; text_text_color=&#8221;#FFFFFF&#8221; global_colors_info=&#8221;{}&#8221;]<\/p>\n<p><span>Mon objectif est de cr\u00e9er des strat\u00e9gies qui non seulement fonctionnent aujourd\u2019hui, mais qui continuent \u00e0 porter leurs fruits \u00e0 long terme.<\/span><\/p>\n<p>[\/et_pb_text][\/et_pb_column][\/et_pb_row][\/et_pb_section][et_pb_section fb_built=&#8221;1&#8243; admin_label=&#8221;Call to Action&#8221; _builder_version=&#8221;4.20.0&#8243; _module_preset=&#8221;default&#8221; background_color=&#8221;gcid-095f3017-670a-4d45-bbf8-520034f23a92&#8243; custom_padding=&#8221;5vw||5vw||true|false&#8221; collapsed=&#8221;on&#8221; global_colors_info=&#8221;{%22gcid-095f3017-670a-4d45-bbf8-520034f23a92%22:%91%22background_color%22%93}&#8221;][et_pb_row _builder_version=&#8221;4.20.0&#8243; _module_preset=&#8221;default&#8221; locked=&#8221;off&#8221; global_colors_info=&#8221;{}&#8221;][et_pb_column type=&#8221;4_4&#8243; _builder_version=&#8221;4.20.0&#8243; _module_preset=&#8221;default&#8221; global_colors_info=&#8221;{}&#8221;][et_pb_text _builder_version=&#8221;4.27.2&#8243; _module_preset=&#8221;f324cf8b-c34b-49df-9d3c-46e269650c61&#8243; text_orientation=&#8221;center&#8221; global_colors_info=&#8221;{}&#8221;]<\/p>\n<h4>Travaillons Ensemble !<\/h4>\n<p>[\/et_pb_text][et_pb_text _builder_version=&#8221;4.27.2&#8243; _module_preset=&#8221;ef63392b-6022-4850-a5e7-99b6bdf8f382&#8243; header_2_font_size=&#8221;39px&#8221; text_orientation=&#8221;center&#8221; hover_enabled=&#8221;0&#8243; header_2_font_size_tablet=&#8221;&#8221; header_2_font_size_phone=&#8221;&#8221; header_2_font_size_last_edited=&#8221;on|phone&#8221; global_colors_info=&#8221;{}&#8221; sticky_enabled=&#8221;0&#8243;]<\/p>\n<h2>Vous r\u00eavez d\u2019<a href=\"https:\/\/mistyrose-quail-135088.hostingersite.com\/service-creation-de-site-web\/\">un site web<\/a> qui refl\u00e8te votre marque, d\u2019<a href=\"https:\/\/mistyrose-quail-135088.hostingersite.com\/service-seo\/\">un SEO<\/a> qui attire des clients, ou d\u2019une <a href=\"https:\/\/mistyrose-quail-135088.hostingersite.com\/service-social-media-marketing\/\">strat\u00e9gie digitale<\/a> qui booste vos ventes ?<\/h2>\n<p>[\/et_pb_text][et_pb_button button_url=&#8221;https:\/\/mistyrose-quail-135088.hostingersite.com\/contact\/&#8221; button_text=&#8221;Me contacter&#8221; button_alignment=&#8221;center&#8221; _builder_version=&#8221;4.27.2&#8243; _module_preset=&#8221;a09569a6-a968-4918-b8d7-9e76689f5a4f&#8221; hover_enabled=&#8221;0&#8243; global_colors_info=&#8221;{}&#8221; sticky_enabled=&#8221;0&#8243;][\/et_pb_button][\/et_pb_column][\/et_pb_row][\/et_pb_section]<\/p>\n","protected":false},"excerpt":{"rendered":"<p>\u00c0 propos de moiJe m\u2019appelle Myriem GRICHE, consultante en transformation digitale sp\u00e9cialis\u00e9e dans l&#8217;accompagnement des entreprises, cr\u00e9ateurs d\u2019entreprise et auto-entrepreneurs. Mon objectif : donner vie \u00e0 vos projets en ligne avec des solutions sur mesure qui captivent, engagent et convertissent.Mon parcoursUne expertise au service de votre croissanceAvec plusieurs ann\u00e9es d\u2019exp\u00e9rience dans le digital, j\u2019ai aid\u00e9 [&hellip;]<\/p>\n","protected":false},"author":1,"featured_media":0,"parent":0,"menu_order":0,"comment_status":"closed","ping_status":"closed","template":"","meta":{"_et_pb_use_builder":"on","_et_pb_old_content":"","_et_gb_content_width":"","footnotes":""},"class_list":["post-418","page","type-page","status-publish","hentry"],"yoast_head":"<!-- This site is optimized with the Yoast SEO plugin v27.4 - https:\/\/yoast.com\/product\/yoast-seo-wordpress\/ -->\n<title>about-me<\/title>\n<meta name=\"robots\" content=\"index, follow, max-snippet:-1, max-image-preview:large, max-video-preview:-1\" \/>\n<meta property=\"og:locale\" content=\"en_US\" \/>\n<meta property=\"og:type\" content=\"article\" \/>\n<meta property=\"og:title\" content=\"about-me\" \/>\n<meta property=\"og:url\" content=\"https:\/\/myriemgriche.fr\/en\/about-me\/\" \/>\n<meta property=\"og:site_name\" content=\"Consultante digitale\" \/>\n<meta property=\"article:modified_time\" content=\"2024-12-02T22:22:57+00:00\" \/>\n<meta property=\"og:image\" content=\"https:\/\/myriemgriche.fr\/wp-content\/uploads\/2024\/11\/302_1x_shots_so.png\" \/>\n\t<meta property=\"og:image:width\" content=\"1080\" \/>\n\t<meta property=\"og:image:height\" content=\"1080\" \/>\n\t<meta property=\"og:image:type\" content=\"image\/png\" \/>\n<meta name=\"twitter:card\" content=\"summary_large_image\" \/>\n<meta name=\"twitter:label1\" content=\"Est. reading time\" \/>\n\t<meta name=\"twitter:data1\" content=\"2 minutes\" \/>\n<script type=\"application\/ld+json\" class=\"yoast-schema-graph\">{\"@context\":\"https:\\\/\\\/schema.org\",\"@graph\":[{\"@type\":\"WebPage\",\"@id\":\"https:\\\/\\\/myriemgriche.fr\\\/en\\\/about-me\\\/\",\"url\":\"https:\\\/\\\/myriemgriche.fr\\\/en\\\/about-me\\\/\",\"name\":\"Votre experte en transformation digitale \u00e0 Villefranche-sur-Sa\u00f4ne\",\"isPartOf\":{\"@id\":\"https:\\\/\\\/mistyrose-quail-135088.hostingersite.com\\\/#website\"},\"datePublished\":\"2024-02-09T03:40:26+00:00\",\"dateModified\":\"2024-12-02T22:22:57+00:00\",\"description\":\"Cr\u00e9ation de sites web, SEO, r\u00e9seaux sociaux et publicit\u00e9s en ligne : un accompagnement d\u00e9di\u00e9 \u00e0 votre succ\u00e8s \u00e0 Villefranche-sur-Sa\u00f4ne.\",\"breadcrumb\":{\"@id\":\"https:\\\/\\\/myriemgriche.fr\\\/en\\\/about-me\\\/#breadcrumb\"},\"inLanguage\":\"en-US\",\"potentialAction\":[{\"@type\":\"ReadAction\",\"target\":[\"https:\\\/\\\/myriemgriche.fr\\\/en\\\/about-me\\\/\"]}]},{\"@type\":\"BreadcrumbList\",\"@id\":\"https:\\\/\\\/myriemgriche.fr\\\/en\\\/about-me\\\/#breadcrumb\",\"itemListElement\":[{\"@type\":\"ListItem\",\"position\":1,\"name\":\"Consultante en transformation digitale\",\"item\":\"https:\\\/\\\/myriemgriche.fr\\\/consultante-en-transformation-digitale\\\/\"},{\"@type\":\"ListItem\",\"position\":2,\"name\":\"about-me\"}]},{\"@type\":\"WebSite\",\"@id\":\"https:\\\/\\\/mistyrose-quail-135088.hostingersite.com\\\/#website\",\"url\":\"https:\\\/\\\/mistyrose-quail-135088.hostingersite.com\\\/\",\"name\":\"Consultante Digitale Myriem GRICHE\",\"description\":\"Cr\u00e9ation de site web - SEO - Publicit\u00e9 en ligne - SMM\",\"publisher\":{\"@id\":\"https:\\\/\\\/mistyrose-quail-135088.hostingersite.com\\\/#\\\/schema\\\/person\\\/74fc464a9370e5b0a3def543816b87c9\"},\"alternateName\":\"Myriem GRICHE\",\"potentialAction\":[{\"@type\":\"SearchAction\",\"target\":{\"@type\":\"EntryPoint\",\"urlTemplate\":\"https:\\\/\\\/mistyrose-quail-135088.hostingersite.com\\\/?s={search_term_string}\"},\"query-input\":{\"@type\":\"PropertyValueSpecification\",\"valueRequired\":true,\"valueName\":\"search_term_string\"}}],\"inLanguage\":\"en-US\"},{\"@type\":[\"Person\",\"Organization\"],\"@id\":\"https:\\\/\\\/mistyrose-quail-135088.hostingersite.com\\\/#\\\/schema\\\/person\\\/74fc464a9370e5b0a3def543816b87c9\",\"name\":\"mymy\",\"image\":{\"@type\":\"ImageObject\",\"inLanguage\":\"en-US\",\"@id\":\"https:\\\/\\\/mistyrose-quail-135088.hostingersite.com\\\/wp-content\\\/uploads\\\/2024\\\/11\\\/Design-sans-titre-2.png\",\"url\":\"https:\\\/\\\/mistyrose-quail-135088.hostingersite.com\\\/wp-content\\\/uploads\\\/2024\\\/11\\\/Design-sans-titre-2.png\",\"contentUrl\":\"https:\\\/\\\/mistyrose-quail-135088.hostingersite.com\\\/wp-content\\\/uploads\\\/2024\\\/11\\\/Design-sans-titre-2.png\",\"width\":500,\"height\":600,\"caption\":\"mymy\"},\"logo\":{\"@id\":\"https:\\\/\\\/mistyrose-quail-135088.hostingersite.com\\\/wp-content\\\/uploads\\\/2024\\\/11\\\/Design-sans-titre-2.png\"},\"sameAs\":[\"https:\\\/\\\/mistyrose-quail-135088.hostingersite.com\"]}]}<\/script>\n<!-- \/ Yoast SEO plugin. -->","yoast_head_json":{"title":"about-me","robots":{"index":"index","follow":"follow","max-snippet":"max-snippet:-1","max-image-preview":"max-image-preview:large","max-video-preview":"max-video-preview:-1"},"og_locale":"en_US","og_type":"article","og_title":"about-me","og_url":"https:\/\/myriemgriche.fr\/en\/about-me\/","og_site_name":"Consultante digitale","article_modified_time":"2024-12-02T22:22:57+00:00","og_image":[{"width":1080,"height":1080,"url":"https:\/\/myriemgriche.fr\/wp-content\/uploads\/2024\/11\/302_1x_shots_so.png","type":"image\/png"}],"twitter_card":"summary_large_image","twitter_misc":{"Est. reading time":"2 minutes"},"schema":{"@context":"https:\/\/schema.org","@graph":[{"@type":"WebPage","@id":"https:\/\/myriemgriche.fr\/en\/about-me\/","url":"https:\/\/myriemgriche.fr\/en\/about-me\/","name":"Votre experte en transformation digitale \u00e0 Villefranche-sur-Sa\u00f4ne","isPartOf":{"@id":"https:\/\/mistyrose-quail-135088.hostingersite.com\/#website"},"datePublished":"2024-02-09T03:40:26+00:00","dateModified":"2024-12-02T22:22:57+00:00","description":"Cr\u00e9ation de sites web, SEO, r\u00e9seaux sociaux et publicit\u00e9s en ligne : un accompagnement d\u00e9di\u00e9 \u00e0 votre succ\u00e8s \u00e0 Villefranche-sur-Sa\u00f4ne.","breadcrumb":{"@id":"https:\/\/myriemgriche.fr\/en\/about-me\/#breadcrumb"},"inLanguage":"en-US","potentialAction":[{"@type":"ReadAction","target":["https:\/\/myriemgriche.fr\/en\/about-me\/"]}]},{"@type":"BreadcrumbList","@id":"https:\/\/myriemgriche.fr\/en\/about-me\/#breadcrumb","itemListElement":[{"@type":"ListItem","position":1,"name":"Consultante en transformation digitale","item":"https:\/\/myriemgriche.fr\/consultante-en-transformation-digitale\/"},{"@type":"ListItem","position":2,"name":"about-me"}]},{"@type":"WebSite","@id":"https:\/\/mistyrose-quail-135088.hostingersite.com\/#website","url":"https:\/\/mistyrose-quail-135088.hostingersite.com\/","name":"Consultante Digitale Myriem GRICHE","description":"Cr\u00e9ation de site web - SEO - Publicit\u00e9 en ligne - SMM","publisher":{"@id":"https:\/\/mistyrose-quail-135088.hostingersite.com\/#\/schema\/person\/74fc464a9370e5b0a3def543816b87c9"},"alternateName":"Myriem GRICHE","potentialAction":[{"@type":"SearchAction","target":{"@type":"EntryPoint","urlTemplate":"https:\/\/mistyrose-quail-135088.hostingersite.com\/?s={search_term_string}"},"query-input":{"@type":"PropertyValueSpecification","valueRequired":true,"valueName":"search_term_string"}}],"inLanguage":"en-US"},{"@type":["Person","Organization"],"@id":"https:\/\/mistyrose-quail-135088.hostingersite.com\/#\/schema\/person\/74fc464a9370e5b0a3def543816b87c9","name":"mymy","image":{"@type":"ImageObject","inLanguage":"en-US","@id":"https:\/\/mistyrose-quail-135088.hostingersite.com\/wp-content\/uploads\/2024\/11\/Design-sans-titre-2.png","url":"https:\/\/mistyrose-quail-135088.hostingersite.com\/wp-content\/uploads\/2024\/11\/Design-sans-titre-2.png","contentUrl":"https:\/\/mistyrose-quail-135088.hostingersite.com\/wp-content\/uploads\/2024\/11\/Design-sans-titre-2.png","width":500,"height":600,"caption":"mymy"},"logo":{"@id":"https:\/\/mistyrose-quail-135088.hostingersite.com\/wp-content\/uploads\/2024\/11\/Design-sans-titre-2.png"},"sameAs":["https:\/\/mistyrose-quail-135088.hostingersite.com"]}]}},"_links":{"self":[{"href":"https:\/\/myriemgriche.fr\/en\/wp-json\/wp\/v2\/pages\/418","targetHints":{"allow":["GET"]}}],"collection":[{"href":"https:\/\/myriemgriche.fr\/en\/wp-json\/wp\/v2\/pages"}],"about":[{"href":"https:\/\/myriemgriche.fr\/en\/wp-json\/wp\/v2\/types\/page"}],"author":[{"embeddable":true,"href":"https:\/\/myriemgriche.fr\/en\/wp-json\/wp\/v2\/users\/1"}],"replies":[{"embeddable":true,"href":"https:\/\/myriemgriche.fr\/en\/wp-json\/wp\/v2\/comments?post=418"}],"version-history":[{"count":28,"href":"https:\/\/myriemgriche.fr\/en\/wp-json\/wp\/v2\/pages\/418\/revisions"}],"predecessor-version":[{"id":233962,"href":"https:\/\/myriemgriche.fr\/en\/wp-json\/wp\/v2\/pages\/418\/revisions\/233962"}],"wp:attachment":[{"href":"https:\/\/myriemgriche.fr\/en\/wp-json\/wp\/v2\/media?parent=418"}],"curies":[{"name":"wp","href":"https:\/\/api.w.org\/{rel}","templated":true}]}}