{"id":233853,"date":"2024-11-24T22:39:47","date_gmt":"2024-11-24T22:39:47","guid":{"rendered":"https:\/\/mistyrose-quail-135088.hostingersite.com\/?page_id=233853"},"modified":"2026-04-15T17:36:32","modified_gmt":"2026-04-15T17:36:32","slug":"contact","status":"publish","type":"page","link":"https:\/\/myriemgriche.fr\/en\/contact\/","title":{"rendered":"Contact"},"content":{"rendered":"<p>[et_pb_section fb_built=&#8221;1&#8243; admin_label=&#8221;Header &#038; Contact Form&#8221; _builder_version=&#8221;4.27.2&#8243; _module_preset=&#8221;default&#8221; background_color=&#8221;#000000&#8243; background_image=&#8221;https:\/\/mistyrose-quail-135088.hostingersite.com\/wp-content\/uploads\/2024\/11\/online-banking-2.png&#8221; collapsed=&#8221;on&#8221; global_colors_info=&#8221;{}&#8221;][et_pb_row _builder_version=&#8221;4.20.0&#8243; _module_preset=&#8221;default&#8221; max_width=&#8221;700px&#8221; locked=&#8221;off&#8221; global_colors_info=&#8221;{}&#8221;][et_pb_column type=&#8221;4_4&#8243; _builder_version=&#8221;4.20.0&#8243; _module_preset=&#8221;default&#8221; global_colors_info=&#8221;{}&#8221;][et_pb_text _builder_version=&#8221;4.20.0&#8243; _module_preset=&#8221;0f2b709e-0ce5-4c6b-8933-93bef5937fbe&#8221; header_4_text_color=&#8221;#FFFFFF&#8221; text_orientation=&#8221;center&#8221; global_colors_info=&#8221;{}&#8221;]<\/p>\n<h4>Get In Touch<\/h4>\n<p>[\/et_pb_text][et_pb_text _builder_version=&#8221;4.27.2&#8243; _module_preset=&#8221;dd81d84c-9b9c-4e8d-8953-de9b760ed046&#8243; header_2_text_color=&#8221;#FFFFFF&#8221; text_orientation=&#8221;center&#8221; global_colors_info=&#8221;{}&#8221;]<\/p>\n<h2>Une question ? Envoyez-moi un message !<\/h2>\n<p>[\/et_pb_text][et_pb_contact_form captcha=&#8221;off&#8221; email=&#8221;myriemgriche@gmail.com&#8221; success_message=&#8221;J&#8217;ai bien re\u00e7u votre message, je vous r\u00e9pondrai sous 48h. Merci&#8221; submit_button_text=&#8221;Envoyer&#8221; _builder_version=&#8221;4.27.2&#8243; _module_preset=&#8221;373e82d2-1cc3-46eb-95ea-5ab498babafa&#8221; locked=&#8221;off&#8221; global_colors_info=&#8221;{}&#8221;][et_pb_contact_field field_id=&#8221;Name&#8221; field_title=&#8221;Nom pr\u00e9nom&#8221; fullwidth_field=&#8221;on&#8221; _builder_version=&#8221;4.27.2&#8243; _module_preset=&#8221;default&#8221; global_colors_info=&#8221;{}&#8221; button_text_size__hover_enabled=&#8221;off&#8221; button_one_text_size__hover_enabled=&#8221;off&#8221; button_two_text_size__hover_enabled=&#8221;off&#8221; button_text_color__hover_enabled=&#8221;off&#8221; button_one_text_color__hover_enabled=&#8221;off&#8221; button_two_text_color__hover_enabled=&#8221;off&#8221; button_border_width__hover_enabled=&#8221;off&#8221; button_one_border_width__hover_enabled=&#8221;off&#8221; button_two_border_width__hover_enabled=&#8221;off&#8221; button_border_color__hover_enabled=&#8221;off&#8221; button_one_border_color__hover_enabled=&#8221;off&#8221; button_two_border_color__hover_enabled=&#8221;off&#8221; button_border_radius__hover_enabled=&#8221;off&#8221; button_one_border_radius__hover_enabled=&#8221;off&#8221; button_two_border_radius__hover_enabled=&#8221;off&#8221; button_letter_spacing__hover_enabled=&#8221;off&#8221; button_one_letter_spacing__hover_enabled=&#8221;off&#8221; button_two_letter_spacing__hover_enabled=&#8221;off&#8221; button_bg_color__hover_enabled=&#8221;off&#8221; button_one_bg_color__hover_enabled=&#8221;off&#8221; button_two_bg_color__hover_enabled=&#8221;off&#8221;][\/et_pb_contact_field][et_pb_contact_field field_id=&#8221;Email&#8221; field_title=&#8221;Email &#8221; field_type=&#8221;email&#8221; fullwidth_field=&#8221;on&#8221; _builder_version=&#8221;4.27.2&#8243; _module_preset=&#8221;default&#8221; global_colors_info=&#8221;{}&#8221; button_text_size__hover_enabled=&#8221;off&#8221; button_one_text_size__hover_enabled=&#8221;off&#8221; button_two_text_size__hover_enabled=&#8221;off&#8221; button_text_color__hover_enabled=&#8221;off&#8221; button_one_text_color__hover_enabled=&#8221;off&#8221; button_two_text_color__hover_enabled=&#8221;off&#8221; button_border_width__hover_enabled=&#8221;off&#8221; button_one_border_width__hover_enabled=&#8221;off&#8221; button_two_border_width__hover_enabled=&#8221;off&#8221; button_border_color__hover_enabled=&#8221;off&#8221; button_one_border_color__hover_enabled=&#8221;off&#8221; button_two_border_color__hover_enabled=&#8221;off&#8221; button_border_radius__hover_enabled=&#8221;off&#8221; button_one_border_radius__hover_enabled=&#8221;off&#8221; button_two_border_radius__hover_enabled=&#8221;off&#8221; button_letter_spacing__hover_enabled=&#8221;off&#8221; button_one_letter_spacing__hover_enabled=&#8221;off&#8221; button_two_letter_spacing__hover_enabled=&#8221;off&#8221; button_bg_color__hover_enabled=&#8221;off&#8221; button_one_bg_color__hover_enabled=&#8221;off&#8221; button_two_bg_color__hover_enabled=&#8221;off&#8221;][\/et_pb_contact_field][et_pb_contact_field field_id=&#8221;Message&#8221; field_title=&#8221;Message&#8221; field_type=&#8221;text&#8221; fullwidth_field=&#8221;on&#8221; _builder_version=&#8221;4.16&#8243; _module_preset=&#8221;default&#8221; global_colors_info=&#8221;{}&#8221; button_text_size__hover_enabled=&#8221;off&#8221; button_one_text_size__hover_enabled=&#8221;off&#8221; button_two_text_size__hover_enabled=&#8221;off&#8221; button_text_color__hover_enabled=&#8221;off&#8221; button_one_text_color__hover_enabled=&#8221;off&#8221; button_two_text_color__hover_enabled=&#8221;off&#8221; button_border_width__hover_enabled=&#8221;off&#8221; button_one_border_width__hover_enabled=&#8221;off&#8221; button_two_border_width__hover_enabled=&#8221;off&#8221; button_border_color__hover_enabled=&#8221;off&#8221; button_one_border_color__hover_enabled=&#8221;off&#8221; button_two_border_color__hover_enabled=&#8221;off&#8221; button_border_radius__hover_enabled=&#8221;off&#8221; button_one_border_radius__hover_enabled=&#8221;off&#8221; button_two_border_radius__hover_enabled=&#8221;off&#8221; button_letter_spacing__hover_enabled=&#8221;off&#8221; button_one_letter_spacing__hover_enabled=&#8221;off&#8221; button_two_letter_spacing__hover_enabled=&#8221;off&#8221; button_bg_color__hover_enabled=&#8221;off&#8221; button_one_bg_color__hover_enabled=&#8221;off&#8221; button_two_bg_color__hover_enabled=&#8221;off&#8221;][\/et_pb_contact_field][\/et_pb_contact_form][\/et_pb_column][\/et_pb_row][\/et_pb_section][et_pb_section fb_built=&#8221;1&#8243; admin_label=&#8221;FAQ&#8221; _builder_version=&#8221;4.20.0&#8243; _module_preset=&#8221;default&#8221; background_color=&#8221;gcid-4f56aa54-3b36-4432-8908-d727fd88891e&#8221; saved_tabs=&#8221;all&#8221; collapsed=&#8221;on&#8221; global_colors_info=&#8221;{%22gcid-4f56aa54-3b36-4432-8908-d727fd88891e%22:%91%22background_color%22%93}&#8221;][et_pb_row _builder_version=&#8221;4.20.0&#8243; _module_preset=&#8221;default&#8221; global_colors_info=&#8221;{}&#8221;][et_pb_column type=&#8221;4_4&#8243; _builder_version=&#8221;4.20.0&#8243; _module_preset=&#8221;default&#8221; global_colors_info=&#8221;{}&#8221;][et_pb_text _builder_version=&#8221;4.20.0&#8243; _module_preset=&#8221;dd81d84c-9b9c-4e8d-8953-de9b760ed046&#8243; global_colors_info=&#8221;{}&#8221;]<\/p>\n<h2>FAQ<\/h2>\n<p>[\/et_pb_text][et_pb_accordion toggle_icon=&#8221;&#xf067;||fa||900&#8243; _builder_version=&#8221;4.27.2&#8243; _module_preset=&#8221;ede47b9c-8ea0-4ea1-b179-616d3cc27217&#8243; body_link_text_color=&#8221;gcid-095f3017-670a-4d45-bbf8-520034f23a92&#8243; locked=&#8221;off&#8221; global_colors_info=&#8221;{%22gcid-86031d5b-0170-405c-b57e-166734aa8a67%22:%91%22toggle_text_color%22%93,%22gcid-095f3017-670a-4d45-bbf8-520034f23a92%22:%91%22body_link_text_color%22%93}&#8221;][et_pb_accordion_item title=&#8221; Pourquoi devrais-je vous contacter pour mes projets ?&#8221; open=&#8221;on&#8221; _builder_version=&#8221;4.27.2&#8243; _module_preset=&#8221;default&#8221; body_link_text_color=&#8221;gcid-095f3017-670a-4d45-bbf8-520034f23a92&#8243; global_colors_info=&#8221;{%22gcid-095f3017-670a-4d45-bbf8-520034f23a92%22:%91%22body_link_text_color%22%93}&#8221;]<\/p>\n<p>Je suis une consultante en transformation digitale sp\u00e9cialis\u00e9e dans <a href=\"https:\/\/mistyrose-quail-135088.hostingersite.com\/service-creation-de-site-web\/\">la cr\u00e9ation de sites web<\/a>, <a href=\"https:\/\/mistyrose-quail-135088.hostingersite.com\/service-seo\/\">le r\u00e9f\u00e9rencement SEO<\/a>, le <a href=\"https:\/\/mistyrose-quail-135088.hostingersite.com\/service-social-media-marketing\/\">social media marketing<\/a> et <a href=\"https:\/\/mistyrose-quail-135088.hostingersite.com\/service-ads-publicites-en-ligne\/\">les campagnes publicitaires.<\/a> En me contactant, vous b\u00e9n\u00e9ficiez d\u2019un accompagnement personnalis\u00e9 pour d\u00e9velopper votre pr\u00e9sence en ligne, attirer de nouveaux clients et booster votre activit\u00e9.<\/p>\n<p>[\/et_pb_accordion_item][et_pb_accordion_item title=&#8221;Quels types de projets acceptez-vous ?&#8221; _builder_version=&#8221;4.27.2&#8243; _module_preset=&#8221;default&#8221; global_colors_info=&#8221;{}&#8221; open=&#8221;off&#8221;]<\/p>\n<p>J\u2019interviens sur divers projets digitaux : <a href=\"https:\/\/mistyrose-quail-135088.hostingersite.com\/service-creation-de-site-web\/\">cr\u00e9ation ou refonte de site web<\/a>, <a href=\"https:\/\/mistyrose-quail-135088.hostingersite.com\/service-seo\/\">optimisation SEO<\/a>, <a href=\"https:\/\/mistyrose-quail-135088.hostingersite.com\/service-social-media-marketing\/\">gestion des r\u00e9seaux sociaux<\/a>, <a href=\"https:\/\/mistyrose-quail-135088.hostingersite.com\/service-ads-publicites-en-ligne\/\">publicit\u00e9s en ligne (Google Ads, Facebook Ads)<\/a>, et strat\u00e9gie digitale globale. Que vous soyez cr\u00e9ateur d\u2019entreprise, auto-entrepreneur ou dirigeant de PME, je m\u2019adapte \u00e0 vos besoins.<\/p>\n<p>[\/et_pb_accordion_item][et_pb_accordion_item title=&#8221;Puis-je demander un devis gratuit ?&#8221; _builder_version=&#8221;4.27.2&#8243; _module_preset=&#8221;default&#8221; global_colors_info=&#8221;{}&#8221; open=&#8221;off&#8221;]<\/p>\n<p>Absolument ! En me contactant, vous pouvez obtenir une consultation gratuite pour discuter de votre projet. Je vous fournirai un devis d\u00e9taill\u00e9 adapt\u00e9 \u00e0 vos besoins, que ce soit pour <a href=\"https:\/\/mistyrose-quail-135088.hostingersite.com\/service-creation-de-site-web\/\">un site web,<\/a> des <a href=\"https:\/\/mistyrose-quail-135088.hostingersite.com\/service-ads-publicites-en-ligne\/\">campagnes publicitaires<\/a>, ou une strat\u00e9gie de <a href=\"https:\/\/mistyrose-quail-135088.hostingersite.com\/service-social-media-marketing\/\">marketing digital<\/a>.<\/p>\n<p>[\/et_pb_accordion_item][et_pb_accordion_item title=&#8221;Combien de temps faut-il pour obtenir une r\u00e9ponse ?&#8221; _builder_version=&#8221;4.27.2&#8243; _module_preset=&#8221;default&#8221; global_colors_info=&#8221;{}&#8221; open=&#8221;off&#8221;]<\/p>\n<p>Je r\u00e9ponds g\u00e9n\u00e9ralement sous 24 \u00e0 48 heures. Mon objectif est de m\u2019assurer que chaque demande re\u00e7oive une attention particuli\u00e8re, que ce soit pour une simple question ou pour d\u00e9marrer un projet digital.<\/p>\n<p>[\/et_pb_accordion_item][\/et_pb_accordion][\/et_pb_column][\/et_pb_row][\/et_pb_section]<\/p>\n","protected":false},"excerpt":{"rendered":"<p>Get In TouchUne question ? Envoyez-moi un message !FAQJe suis une consultante en transformation digitale sp\u00e9cialis\u00e9e dans la cr\u00e9ation de sites web, le r\u00e9f\u00e9rencement SEO, le social media marketing et les campagnes publicitaires. En me contactant, vous b\u00e9n\u00e9ficiez d\u2019un accompagnement personnalis\u00e9 pour d\u00e9velopper votre pr\u00e9sence en ligne, attirer de nouveaux clients et booster votre activit\u00e9.J\u2019interviens [&hellip;]<\/p>\n","protected":false},"author":1,"featured_media":0,"parent":0,"menu_order":0,"comment_status":"closed","ping_status":"closed","template":"","meta":{"_et_pb_use_builder":"on","_et_pb_old_content":"","_et_gb_content_width":"","footnotes":""},"class_list":["post-233853","page","type-page","status-publish","hentry"],"yoast_head":"<!-- This site is optimized with the Yoast SEO plugin v27.4 - https:\/\/yoast.com\/product\/yoast-seo-wordpress\/ -->\n<title>Travaillons ensemble ! - Consultante digitale<\/title>\n<meta name=\"description\" content=\"Besoin d&#039;un site web, d&#039;une strat\u00e9gie SEO ou de publicit\u00e9s performantes ?Contactez-moi \u00e0 Villefranche-sur-Sa\u00f4ne pour booster votre entreprise\" \/>\n<meta name=\"robots\" content=\"index, follow, max-snippet:-1, max-image-preview:large, max-video-preview:-1\" \/>\n<link rel=\"canonical\" href=\"\" \/>\n<meta property=\"og:locale\" content=\"en_US\" \/>\n<meta property=\"og:type\" content=\"article\" \/>\n<meta property=\"og:title\" content=\"Travaillons ensemble ! - Consultante digitale\" \/>\n<meta property=\"og:description\" content=\"Besoin d&#039;un site web, d&#039;une strat\u00e9gie SEO ou de publicit\u00e9s performantes ?Contactez-moi \u00e0 Villefranche-sur-Sa\u00f4ne pour booster votre entreprise\" \/>\n<meta property=\"og:url\" content=\"https:\/\/myriemgriche.fr\/en\/contact\/\" \/>\n<meta property=\"og:site_name\" content=\"Consultante digitale\" \/>\n<meta property=\"article:modified_time\" content=\"2026-04-15T17:36:32+00:00\" \/>\n<meta property=\"og:image\" content=\"https:\/\/myriemgriche.fr\/wp-content\/uploads\/2024\/11\/302_1x_shots_so.png\" \/>\n\t<meta property=\"og:image:width\" content=\"1080\" \/>\n\t<meta property=\"og:image:height\" content=\"1080\" \/>\n\t<meta property=\"og:image:type\" content=\"image\/png\" \/>\n<meta name=\"twitter:card\" content=\"summary_large_image\" \/>\n<meta name=\"twitter:label1\" content=\"Est. reading time\" \/>\n\t<meta name=\"twitter:data1\" content=\"2 minutes\" \/>\n<script type=\"application\/ld+json\" class=\"yoast-schema-graph\">{\"@context\":\"https:\\\/\\\/schema.org\",\"@graph\":[{\"@type\":\"WebPage\",\"@id\":\"https:\\\/\\\/myriemgriche.fr\\\/en\\\/contact\\\/\",\"url\":\"https:\\\/\\\/myriemgriche.fr\\\/en\\\/contact\\\/\",\"name\":\"Travaillons ensemble ! - Consultante digitale\",\"isPartOf\":{\"@id\":\"https:\\\/\\\/mistyrose-quail-135088.hostingersite.com\\\/#website\"},\"datePublished\":\"2024-11-24T22:39:47+00:00\",\"dateModified\":\"2026-04-15T17:36:32+00:00\",\"description\":\"Besoin d'un site web, d'une strat\u00e9gie SEO ou de publicit\u00e9s performantes ?Contactez-moi \u00e0 Villefranche-sur-Sa\u00f4ne pour booster votre entreprise\",\"breadcrumb\":{\"@id\":\"https:\\\/\\\/myriemgriche.fr\\\/en\\\/contact\\\/#breadcrumb\"},\"inLanguage\":\"en-US\",\"potentialAction\":[{\"@type\":\"ReadAction\",\"target\":[\"https:\\\/\\\/myriemgriche.fr\\\/en\\\/contact\\\/\"]}]},{\"@type\":\"BreadcrumbList\",\"@id\":\"https:\\\/\\\/myriemgriche.fr\\\/en\\\/contact\\\/#breadcrumb\",\"itemListElement\":[{\"@type\":\"ListItem\",\"position\":1,\"name\":\"Consultante en transformation digitale\",\"item\":\"https:\\\/\\\/myriemgriche.fr\\\/\"},{\"@type\":\"ListItem\",\"position\":2,\"name\":\"Contact\"}]},{\"@type\":\"WebSite\",\"@id\":\"https:\\\/\\\/mistyrose-quail-135088.hostingersite.com\\\/#website\",\"url\":\"https:\\\/\\\/mistyrose-quail-135088.hostingersite.com\\\/\",\"name\":\"Consultante Digitale Myriem GRICHE\",\"description\":\"Cr\u00e9ation de site web - SEO - Publicit\u00e9 en ligne - SMM\",\"publisher\":{\"@id\":\"https:\\\/\\\/mistyrose-quail-135088.hostingersite.com\\\/#\\\/schema\\\/person\\\/74fc464a9370e5b0a3def543816b87c9\"},\"alternateName\":\"Myriem GRICHE\",\"potentialAction\":[{\"@type\":\"SearchAction\",\"target\":{\"@type\":\"EntryPoint\",\"urlTemplate\":\"https:\\\/\\\/mistyrose-quail-135088.hostingersite.com\\\/?s={search_term_string}\"},\"query-input\":{\"@type\":\"PropertyValueSpecification\",\"valueRequired\":true,\"valueName\":\"search_term_string\"}}],\"inLanguage\":\"en-US\"},{\"@type\":[\"Person\",\"Organization\"],\"@id\":\"https:\\\/\\\/mistyrose-quail-135088.hostingersite.com\\\/#\\\/schema\\\/person\\\/74fc464a9370e5b0a3def543816b87c9\",\"name\":\"mymy\",\"image\":{\"@type\":\"ImageObject\",\"inLanguage\":\"en-US\",\"@id\":\"https:\\\/\\\/mistyrose-quail-135088.hostingersite.com\\\/wp-content\\\/uploads\\\/2024\\\/11\\\/Design-sans-titre-2.png\",\"url\":\"https:\\\/\\\/mistyrose-quail-135088.hostingersite.com\\\/wp-content\\\/uploads\\\/2024\\\/11\\\/Design-sans-titre-2.png\",\"contentUrl\":\"https:\\\/\\\/mistyrose-quail-135088.hostingersite.com\\\/wp-content\\\/uploads\\\/2024\\\/11\\\/Design-sans-titre-2.png\",\"width\":500,\"height\":600,\"caption\":\"mymy\"},\"logo\":{\"@id\":\"https:\\\/\\\/mistyrose-quail-135088.hostingersite.com\\\/wp-content\\\/uploads\\\/2024\\\/11\\\/Design-sans-titre-2.png\"},\"sameAs\":[\"https:\\\/\\\/mistyrose-quail-135088.hostingersite.com\"]}]}<\/script>\n<!-- \/ Yoast SEO plugin. -->","yoast_head_json":{"title":"Travaillons ensemble ! - Consultante digitale","description":"Besoin d'un site web, d'une strat\u00e9gie SEO ou de publicit\u00e9s performantes ?Contactez-moi \u00e0 Villefranche-sur-Sa\u00f4ne pour booster votre entreprise","robots":{"index":"index","follow":"follow","max-snippet":"max-snippet:-1","max-image-preview":"max-image-preview:large","max-video-preview":"max-video-preview:-1"},"canonical":"[et_pb_section fb_built=\"1\" admin_label=\"Header & Contact Form\" _builder_version=\"4.27.2\" _module_preset=\"default\" background_color=\"#000000\" background_image=\"https:\/\/mistyrose-quail-135088.hostingersite.com\/wp-content\/uploads\/2024\/11\/online-banking-2.png\" collapsed=\"on\" global_colors_info=\"{}\"][et_pb_row _builder_version=\"4.20.0\" _module_preset=\"default\" max_width=\"700px\" locked=\"off\" global_colors_info=\"{}\"][et_pb_column type=\"4_4\" _builder_version=\"4.20.0\" _module_preset=\"default\" global_colors_info=\"{}\"][et_pb_text _builder_version=\"4.20.0\" _module_preset=\"0f2b709e-0ce5-4c6b-8933-93bef5937fbe\" header_4_text_color=\"#FFFFFF\" text_orientation=\"center\" global_colors_info=\"{}\"]Get In Touch[\/et_pb_text][et_pb_text _builder_version=\"4.27.2\" _module_preset=\"dd81d84c-9b9c-4e8d-8953-de9b760ed046\" header_2_text_color=\"#FFFFFF\" text_orientation=\"center\" global_colors_info=\"{}\"]Une question ? Envoyez-moi un message ![\/et_pb_text][et_pb_contact_form captcha=\"off\" email=\"myriemgriche@gmail.com\" success_message=\"J'ai bien re\u00e7u votre message, je vous r\u00e9pondrai sous 48h. Merci\" submit_button_text=\"Envoyer\" _builder_version=\"4.27.2\" _module_preset=\"373e82d2-1cc3-46eb-95ea-5ab498babafa\"&hellip;","og_locale":"en_US","og_type":"article","og_title":"Travaillons ensemble ! - Consultante digitale","og_description":"Besoin d'un site web, d'une strat\u00e9gie SEO ou de publicit\u00e9s performantes ?Contactez-moi \u00e0 Villefranche-sur-Sa\u00f4ne pour booster votre entreprise","og_url":"https:\/\/myriemgriche.fr\/en\/contact\/","og_site_name":"Consultante digitale","article_modified_time":"2026-04-15T17:36:32+00:00","og_image":[{"width":1080,"height":1080,"url":"https:\/\/myriemgriche.fr\/wp-content\/uploads\/2024\/11\/302_1x_shots_so.png","type":"image\/png"}],"twitter_card":"summary_large_image","twitter_misc":{"Est. reading time":"2 minutes"},"schema":{"@context":"https:\/\/schema.org","@graph":[{"@type":"WebPage","@id":"https:\/\/myriemgriche.fr\/en\/contact\/","url":"https:\/\/myriemgriche.fr\/en\/contact\/","name":"Travaillons ensemble ! - Consultante digitale","isPartOf":{"@id":"https:\/\/mistyrose-quail-135088.hostingersite.com\/#website"},"datePublished":"2024-11-24T22:39:47+00:00","dateModified":"2026-04-15T17:36:32+00:00","description":"Besoin d'un site web, d'une strat\u00e9gie SEO ou de publicit\u00e9s performantes ?Contactez-moi \u00e0 Villefranche-sur-Sa\u00f4ne pour booster votre entreprise","breadcrumb":{"@id":"https:\/\/myriemgriche.fr\/en\/contact\/#breadcrumb"},"inLanguage":"en-US","potentialAction":[{"@type":"ReadAction","target":["https:\/\/myriemgriche.fr\/en\/contact\/"]}]},{"@type":"BreadcrumbList","@id":"https:\/\/myriemgriche.fr\/en\/contact\/#breadcrumb","itemListElement":[{"@type":"ListItem","position":1,"name":"Consultante en transformation digitale","item":"https:\/\/myriemgriche.fr\/"},{"@type":"ListItem","position":2,"name":"Contact"}]},{"@type":"WebSite","@id":"https:\/\/mistyrose-quail-135088.hostingersite.com\/#website","url":"https:\/\/mistyrose-quail-135088.hostingersite.com\/","name":"Consultante Digitale Myriem GRICHE","description":"Cr\u00e9ation de site web - SEO - Publicit\u00e9 en ligne - SMM","publisher":{"@id":"https:\/\/mistyrose-quail-135088.hostingersite.com\/#\/schema\/person\/74fc464a9370e5b0a3def543816b87c9"},"alternateName":"Myriem GRICHE","potentialAction":[{"@type":"SearchAction","target":{"@type":"EntryPoint","urlTemplate":"https:\/\/mistyrose-quail-135088.hostingersite.com\/?s={search_term_string}"},"query-input":{"@type":"PropertyValueSpecification","valueRequired":true,"valueName":"search_term_string"}}],"inLanguage":"en-US"},{"@type":["Person","Organization"],"@id":"https:\/\/mistyrose-quail-135088.hostingersite.com\/#\/schema\/person\/74fc464a9370e5b0a3def543816b87c9","name":"mymy","image":{"@type":"ImageObject","inLanguage":"en-US","@id":"https:\/\/mistyrose-quail-135088.hostingersite.com\/wp-content\/uploads\/2024\/11\/Design-sans-titre-2.png","url":"https:\/\/mistyrose-quail-135088.hostingersite.com\/wp-content\/uploads\/2024\/11\/Design-sans-titre-2.png","contentUrl":"https:\/\/mistyrose-quail-135088.hostingersite.com\/wp-content\/uploads\/2024\/11\/Design-sans-titre-2.png","width":500,"height":600,"caption":"mymy"},"logo":{"@id":"https:\/\/mistyrose-quail-135088.hostingersite.com\/wp-content\/uploads\/2024\/11\/Design-sans-titre-2.png"},"sameAs":["https:\/\/mistyrose-quail-135088.hostingersite.com"]}]}},"_links":{"self":[{"href":"https:\/\/myriemgriche.fr\/en\/wp-json\/wp\/v2\/pages\/233853","targetHints":{"allow":["GET"]}}],"collection":[{"href":"https:\/\/myriemgriche.fr\/en\/wp-json\/wp\/v2\/pages"}],"about":[{"href":"https:\/\/myriemgriche.fr\/en\/wp-json\/wp\/v2\/types\/page"}],"author":[{"embeddable":true,"href":"https:\/\/myriemgriche.fr\/en\/wp-json\/wp\/v2\/users\/1"}],"replies":[{"embeddable":true,"href":"https:\/\/myriemgriche.fr\/en\/wp-json\/wp\/v2\/comments?post=233853"}],"version-history":[{"count":8,"href":"https:\/\/myriemgriche.fr\/en\/wp-json\/wp\/v2\/pages\/233853\/revisions"}],"predecessor-version":[{"id":234084,"href":"https:\/\/myriemgriche.fr\/en\/wp-json\/wp\/v2\/pages\/233853\/revisions\/234084"}],"wp:attachment":[{"href":"https:\/\/myriemgriche.fr\/en\/wp-json\/wp\/v2\/media?parent=233853"}],"curies":[{"name":"wp","href":"https:\/\/api.w.org\/{rel}","templated":true}]}}